{"id":4796,"date":"2025-01-06T16:49:16","date_gmt":"2025-01-06T15:49:16","guid":{"rendered":"http:\/\/sklep.optykweb.com\/?post_type=product&#038;p=4796"},"modified":"2025-01-06T16:59:15","modified_gmt":"2025-01-06T15:59:15","slug":"bottega-veneta-1032","status":"publish","type":"product","link":"http:\/\/sklep.optykweb.com\/?product=bottega-veneta-1032","title":{"rendered":"BOTTEGA VENETA 1032"},"content":{"rendered":"<p>Kolekcja okular\u00f3w Bottega Veneta wyra\u017ca podstawowe warto\u015bci marki poprzez wsp\u00f3\u0142czesne techniki i wyrafinowane kombinacje kolor\u00f3w i wyko\u0144cze\u0144. Kultowa seria opraw \u015bwietnie odnajduje si\u0119 w nowoczesnej modzie.<\/p>\n","protected":false},"excerpt":{"rendered":"<p>&nbsp;<\/p>\n<p>Kolor: 006<\/p>\n<p>Rozmiar: 52<\/p>\n<p>Szeroko\u015b\u0107 mostka: 18<\/p>\n<p>D\u0142ugo\u015b\u0107 zausznika: 145 M<\/p>\n","protected":false},"featured_media":4800,"template":"","meta":[],"product_brand":[],"product_cat":[304],"product_tag":[],"class_list":{"0":"post-4796","1":"product","2":"type-product","3":"status-publish","4":"has-post-thumbnail","6":"product_cat-korekcyjne","7":"pa_kolor-zielone","8":"pa_ksztalt-prosto","9":"pa_marka-bottega-veneta","10":"pa_material-tworzywo","11":"pa_rodzaj-damskie","12":"pa_rozmiar-481","14":"first","15":"instock","16":"sale","17":"sold-individually","18":"taxable","19":"shipping-taxable","20":"purchasable","21":"product-type-simple","22":"add-to-wishlist-before_image"},"yoast_head":"<!-- This site is optimized with the Yoast SEO plugin v25.5 - https:\/\/yoast.com\/wordpress\/plugins\/seo\/ -->\n<title>BOTTEGA VENETA 1032 - Sklep Centrum Optyczne<\/title>\n<meta name=\"robots\" content=\"index, follow, max-snippet:-1, max-image-preview:large, max-video-preview:-1\" \/>\n<link rel=\"canonical\" href=\"http:\/\/sklep.optykweb.com\/?product=bottega-veneta-1032\" \/>\n<meta property=\"og:locale\" content=\"pl_PL\" \/>\n<meta property=\"og:type\" content=\"article\" \/>\n<meta property=\"og:title\" content=\"BOTTEGA VENETA 1032 - Sklep Centrum Optyczne\" \/>\n<meta property=\"og:description\" content=\"&nbsp;  Kolor: 006  Rozmiar: 52  Szeroko\u015b\u0107 mostka: 18  D\u0142ugo\u015b\u0107 zausznika: 145 M\" \/>\n<meta property=\"og:url\" content=\"http:\/\/sklep.optykweb.com\/?product=bottega-veneta-1032\" \/>\n<meta property=\"og:site_name\" content=\"Sklep Centrum Optyczne\" \/>\n<meta property=\"article:publisher\" content=\"https:\/\/www.facebook.com\/OptykPlonsk\/\" \/>\n<meta property=\"article:modified_time\" content=\"2025-01-06T15:59:15+00:00\" \/>\n<meta property=\"og:image\" content=\"http:\/\/sklep.optykweb.com\/wp-content\/uploads\/2025\/01\/IMG_8959-2-scaled.jpg\" \/>\n\t<meta property=\"og:image:width\" content=\"2560\" \/>\n\t<meta property=\"og:image:height\" content=\"2560\" \/>\n\t<meta property=\"og:image:type\" content=\"image\/jpeg\" \/>\n<meta name=\"twitter:card\" content=\"summary_large_image\" \/>\n<meta name=\"twitter:label1\" content=\"Szacowany czas czytania\" \/>\n\t<meta name=\"twitter:data1\" content=\"1 minuta\" \/>\n<script type=\"application\/ld+json\" class=\"yoast-schema-graph\">{\"@context\":\"https:\/\/schema.org\",\"@graph\":[{\"@type\":\"WebPage\",\"@id\":\"http:\/\/sklep.optykweb.com\/?product=bottega-veneta-1032\",\"url\":\"http:\/\/sklep.optykweb.com\/?product=bottega-veneta-1032\",\"name\":\"BOTTEGA VENETA 1032 - Sklep Centrum Optyczne\",\"isPartOf\":{\"@id\":\"http:\/\/sklep.optykweb.com\/#website\"},\"primaryImageOfPage\":{\"@id\":\"http:\/\/sklep.optykweb.com\/?product=bottega-veneta-1032#primaryimage\"},\"image\":{\"@id\":\"http:\/\/sklep.optykweb.com\/?product=bottega-veneta-1032#primaryimage\"},\"thumbnailUrl\":\"http:\/\/sklep.optykweb.com\/wp-content\/uploads\/2025\/01\/IMG_8959-2-scaled.jpg\",\"datePublished\":\"2025-01-06T15:49:16+00:00\",\"dateModified\":\"2025-01-06T15:59:15+00:00\",\"breadcrumb\":{\"@id\":\"http:\/\/sklep.optykweb.com\/?product=bottega-veneta-1032#breadcrumb\"},\"inLanguage\":\"pl-PL\",\"potentialAction\":[{\"@type\":\"ReadAction\",\"target\":[\"http:\/\/sklep.optykweb.com\/?product=bottega-veneta-1032\"]}]},{\"@type\":\"ImageObject\",\"inLanguage\":\"pl-PL\",\"@id\":\"http:\/\/sklep.optykweb.com\/?product=bottega-veneta-1032#primaryimage\",\"url\":\"http:\/\/sklep.optykweb.com\/wp-content\/uploads\/2025\/01\/IMG_8959-2-scaled.jpg\",\"contentUrl\":\"http:\/\/sklep.optykweb.com\/wp-content\/uploads\/2025\/01\/IMG_8959-2-scaled.jpg\",\"width\":2560,\"height\":2560},{\"@type\":\"BreadcrumbList\",\"@id\":\"http:\/\/sklep.optykweb.com\/?product=bottega-veneta-1032#breadcrumb\",\"itemListElement\":[{\"@type\":\"ListItem\",\"position\":1,\"name\":\"Strona g\u0142\u00f3wna\",\"item\":\"http:\/\/sklep.optykweb.com\/\"},{\"@type\":\"ListItem\",\"position\":2,\"name\":\"Sklep\",\"item\":\"http:\/\/sklep.optykweb.com\/?page_id=200\"},{\"@type\":\"ListItem\",\"position\":3,\"name\":\"BOTTEGA VENETA 1032\"}]},{\"@type\":\"WebSite\",\"@id\":\"http:\/\/sklep.optykweb.com\/#website\",\"url\":\"http:\/\/sklep.optykweb.com\/\",\"name\":\"Sklep Centrum Optyczne\",\"description\":\"okulary korekcyjne, przeciws\u0142oneczne i akcesoria\",\"publisher\":{\"@id\":\"http:\/\/sklep.optykweb.com\/#organization\"},\"potentialAction\":[{\"@type\":\"SearchAction\",\"target\":{\"@type\":\"EntryPoint\",\"urlTemplate\":\"http:\/\/sklep.optykweb.com\/?s={search_term_string}\"},\"query-input\":{\"@type\":\"PropertyValueSpecification\",\"valueRequired\":true,\"valueName\":\"search_term_string\"}}],\"inLanguage\":\"pl-PL\"},{\"@type\":\"Organization\",\"@id\":\"http:\/\/sklep.optykweb.com\/#organization\",\"name\":\"Sklep Centrum Optyczne\",\"url\":\"http:\/\/sklep.optykweb.com\/\",\"logo\":{\"@type\":\"ImageObject\",\"inLanguage\":\"pl-PL\",\"@id\":\"http:\/\/sklep.optykweb.com\/#\/schema\/logo\/image\/\",\"url\":\"http:\/\/sklep.optykweb.com\/wp-content\/uploads\/2022\/12\/logo-sklep.png\",\"contentUrl\":\"http:\/\/sklep.optykweb.com\/wp-content\/uploads\/2022\/12\/logo-sklep.png\",\"width\":500,\"height\":467,\"caption\":\"Sklep Centrum Optyczne\"},\"image\":{\"@id\":\"http:\/\/sklep.optykweb.com\/#\/schema\/logo\/image\/\"},\"sameAs\":[\"https:\/\/www.facebook.com\/OptykPlonsk\/\",\"https:\/\/www.instagram.com\/centrum_optyczne\/\"]}]}<\/script>\n<!-- \/ Yoast SEO plugin. -->","yoast_head_json":{"title":"BOTTEGA VENETA 1032 - Sklep Centrum Optyczne","robots":{"index":"index","follow":"follow","max-snippet":"max-snippet:-1","max-image-preview":"max-image-preview:large","max-video-preview":"max-video-preview:-1"},"canonical":"http:\/\/sklep.optykweb.com\/?product=bottega-veneta-1032","og_locale":"pl_PL","og_type":"article","og_title":"BOTTEGA VENETA 1032 - Sklep Centrum Optyczne","og_description":"&nbsp;  Kolor: 006  Rozmiar: 52  Szeroko\u015b\u0107 mostka: 18  D\u0142ugo\u015b\u0107 zausznika: 145 M","og_url":"http:\/\/sklep.optykweb.com\/?product=bottega-veneta-1032","og_site_name":"Sklep Centrum Optyczne","article_publisher":"https:\/\/www.facebook.com\/OptykPlonsk\/","article_modified_time":"2025-01-06T15:59:15+00:00","og_image":[{"width":2560,"height":2560,"url":"http:\/\/sklep.optykweb.com\/wp-content\/uploads\/2025\/01\/IMG_8959-2-scaled.jpg","type":"image\/jpeg"}],"twitter_card":"summary_large_image","twitter_misc":{"Szacowany czas czytania":"1 minuta"},"schema":{"@context":"https:\/\/schema.org","@graph":[{"@type":"WebPage","@id":"http:\/\/sklep.optykweb.com\/?product=bottega-veneta-1032","url":"http:\/\/sklep.optykweb.com\/?product=bottega-veneta-1032","name":"BOTTEGA VENETA 1032 - Sklep Centrum Optyczne","isPartOf":{"@id":"http:\/\/sklep.optykweb.com\/#website"},"primaryImageOfPage":{"@id":"http:\/\/sklep.optykweb.com\/?product=bottega-veneta-1032#primaryimage"},"image":{"@id":"http:\/\/sklep.optykweb.com\/?product=bottega-veneta-1032#primaryimage"},"thumbnailUrl":"http:\/\/sklep.optykweb.com\/wp-content\/uploads\/2025\/01\/IMG_8959-2-scaled.jpg","datePublished":"2025-01-06T15:49:16+00:00","dateModified":"2025-01-06T15:59:15+00:00","breadcrumb":{"@id":"http:\/\/sklep.optykweb.com\/?product=bottega-veneta-1032#breadcrumb"},"inLanguage":"pl-PL","potentialAction":[{"@type":"ReadAction","target":["http:\/\/sklep.optykweb.com\/?product=bottega-veneta-1032"]}]},{"@type":"ImageObject","inLanguage":"pl-PL","@id":"http:\/\/sklep.optykweb.com\/?product=bottega-veneta-1032#primaryimage","url":"http:\/\/sklep.optykweb.com\/wp-content\/uploads\/2025\/01\/IMG_8959-2-scaled.jpg","contentUrl":"http:\/\/sklep.optykweb.com\/wp-content\/uploads\/2025\/01\/IMG_8959-2-scaled.jpg","width":2560,"height":2560},{"@type":"BreadcrumbList","@id":"http:\/\/sklep.optykweb.com\/?product=bottega-veneta-1032#breadcrumb","itemListElement":[{"@type":"ListItem","position":1,"name":"Strona g\u0142\u00f3wna","item":"http:\/\/sklep.optykweb.com\/"},{"@type":"ListItem","position":2,"name":"Sklep","item":"http:\/\/sklep.optykweb.com\/?page_id=200"},{"@type":"ListItem","position":3,"name":"BOTTEGA VENETA 1032"}]},{"@type":"WebSite","@id":"http:\/\/sklep.optykweb.com\/#website","url":"http:\/\/sklep.optykweb.com\/","name":"Sklep Centrum Optyczne","description":"okulary korekcyjne, przeciws\u0142oneczne i akcesoria","publisher":{"@id":"http:\/\/sklep.optykweb.com\/#organization"},"potentialAction":[{"@type":"SearchAction","target":{"@type":"EntryPoint","urlTemplate":"http:\/\/sklep.optykweb.com\/?s={search_term_string}"},"query-input":{"@type":"PropertyValueSpecification","valueRequired":true,"valueName":"search_term_string"}}],"inLanguage":"pl-PL"},{"@type":"Organization","@id":"http:\/\/sklep.optykweb.com\/#organization","name":"Sklep Centrum Optyczne","url":"http:\/\/sklep.optykweb.com\/","logo":{"@type":"ImageObject","inLanguage":"pl-PL","@id":"http:\/\/sklep.optykweb.com\/#\/schema\/logo\/image\/","url":"http:\/\/sklep.optykweb.com\/wp-content\/uploads\/2022\/12\/logo-sklep.png","contentUrl":"http:\/\/sklep.optykweb.com\/wp-content\/uploads\/2022\/12\/logo-sklep.png","width":500,"height":467,"caption":"Sklep Centrum Optyczne"},"image":{"@id":"http:\/\/sklep.optykweb.com\/#\/schema\/logo\/image\/"},"sameAs":["https:\/\/www.facebook.com\/OptykPlonsk\/","https:\/\/www.instagram.com\/centrum_optyczne\/"]}]}},"_links":{"self":[{"href":"http:\/\/sklep.optykweb.com\/index.php?rest_route=\/wp\/v2\/product\/4796","targetHints":{"allow":["GET"]}}],"collection":[{"href":"http:\/\/sklep.optykweb.com\/index.php?rest_route=\/wp\/v2\/product"}],"about":[{"href":"http:\/\/sklep.optykweb.com\/index.php?rest_route=\/wp\/v2\/types\/product"}],"wp:featuredmedia":[{"embeddable":true,"href":"http:\/\/sklep.optykweb.com\/index.php?rest_route=\/wp\/v2\/media\/4800"}],"wp:attachment":[{"href":"http:\/\/sklep.optykweb.com\/index.php?rest_route=%2Fwp%2Fv2%2Fmedia&parent=4796"}],"wp:term":[{"taxonomy":"product_brand","embeddable":true,"href":"http:\/\/sklep.optykweb.com\/index.php?rest_route=%2Fwp%2Fv2%2Fproduct_brand&post=4796"},{"taxonomy":"product_cat","embeddable":true,"href":"http:\/\/sklep.optykweb.com\/index.php?rest_route=%2Fwp%2Fv2%2Fproduct_cat&post=4796"},{"taxonomy":"product_tag","embeddable":true,"href":"http:\/\/sklep.optykweb.com\/index.php?rest_route=%2Fwp%2Fv2%2Fproduct_tag&post=4796"}],"curies":[{"name":"wp","href":"https:\/\/api.w.org\/{rel}","templated":true}]}}