{"id":4726,"date":"2024-09-16T07:53:28","date_gmt":"2024-09-16T05:53:28","guid":{"rendered":"http:\/\/sklep.optykweb.com\/?post_type=product&#038;p=4726"},"modified":"2024-09-16T08:02:25","modified_gmt":"2024-09-16T06:02:25","slug":"saint-laurent-sl500","status":"publish","type":"product","link":"http:\/\/sklep.optykweb.com\/?product=saint-laurent-sl500","title":{"rendered":"SAINT LAURENT SL500"},"content":{"rendered":"<p class=\"p1\">Za\u0142o\u017cona w 1961 roku firma Yves Saint Laurent jest jednym z najwybitniejszych dom\u00f3w mody XX wieku. Kolekcje s\u0105 wyrafinowanym ho\u0142dem z\u0142o\u017conym Pary\u017cowi. Elegancja, szyk, styl to cechy najlepiej opisuj\u0105ce modele marki.<\/p>\n<p>Model ten jest ciekawy i wyr\u00f3\u017cnia si\u0119 z kolekcji SaintLaurent z uwagi na niesamowity, oryginalny kolor.<\/p>\n","protected":false},"excerpt":{"rendered":"<p>&nbsp;<\/p>\n<p>Kolor: 005<\/p>\n<p>Rozmiar: 54 M<\/p>\n<p>Szeroko\u015b\u0107 mostka: 19<\/p>\n<p>D\u0142ugo\u015b\u0107 zausznika: 145<\/p>\n","protected":false},"featured_media":4729,"template":"","meta":[],"product_brand":[],"product_cat":[300],"product_tag":[],"class_list":{"0":"post-4726","1":"product","2":"type-product","3":"status-publish","4":"has-post-thumbnail","6":"product_cat-przeciwsloneczne","7":"product_shipping_class-darmowa","8":"pa_kolor-brazowe","9":"pa_kolor-pomaranczowe","10":"pa_ksztalt-kwadrat","11":"pa_ksztalt-prosto","12":"pa_marka-saint-laurent","13":"pa_material-tworzywo","14":"pa_rodzaj-damskie","15":"pa_rodzaj-meskie","16":"pa_rodzaj-unisex","17":"pa_rozmiar-468","19":"first","20":"instock","21":"sale","22":"sold-individually","23":"taxable","24":"shipping-taxable","25":"purchasable","26":"product-type-simple","27":"add-to-wishlist-before_image"},"yoast_head":"<!-- This site is optimized with the Yoast SEO plugin v25.5 - https:\/\/yoast.com\/wordpress\/plugins\/seo\/ -->\n<title>SAINT LAURENT SL500 - Sklep Centrum Optyczne<\/title>\n<meta name=\"robots\" content=\"index, follow, max-snippet:-1, max-image-preview:large, max-video-preview:-1\" \/>\n<link rel=\"canonical\" href=\"http:\/\/sklep.optykweb.com\/?product=saint-laurent-sl500\" \/>\n<meta property=\"og:locale\" content=\"pl_PL\" \/>\n<meta property=\"og:type\" content=\"article\" \/>\n<meta property=\"og:title\" content=\"SAINT LAURENT SL500 - Sklep Centrum Optyczne\" \/>\n<meta property=\"og:description\" content=\"&nbsp;  Kolor: 005  Rozmiar: 54 M  Szeroko\u015b\u0107 mostka: 19  D\u0142ugo\u015b\u0107 zausznika: 145\" \/>\n<meta property=\"og:url\" content=\"http:\/\/sklep.optykweb.com\/?product=saint-laurent-sl500\" \/>\n<meta property=\"og:site_name\" content=\"Sklep Centrum Optyczne\" \/>\n<meta property=\"article:publisher\" content=\"https:\/\/www.facebook.com\/OptykPlonsk\/\" \/>\n<meta property=\"article:modified_time\" content=\"2024-09-16T06:02:25+00:00\" \/>\n<meta property=\"og:image\" content=\"http:\/\/sklep.optykweb.com\/wp-content\/uploads\/2024\/09\/IMG_7700.jpg\" \/>\n\t<meta property=\"og:image:width\" content=\"1869\" \/>\n\t<meta property=\"og:image:height\" content=\"1869\" \/>\n\t<meta property=\"og:image:type\" content=\"image\/jpeg\" \/>\n<meta name=\"twitter:card\" content=\"summary_large_image\" \/>\n<meta name=\"twitter:label1\" content=\"Szacowany czas czytania\" \/>\n\t<meta name=\"twitter:data1\" content=\"1 minuta\" \/>\n<script type=\"application\/ld+json\" class=\"yoast-schema-graph\">{\"@context\":\"https:\/\/schema.org\",\"@graph\":[{\"@type\":\"WebPage\",\"@id\":\"http:\/\/sklep.optykweb.com\/?product=saint-laurent-sl500\",\"url\":\"http:\/\/sklep.optykweb.com\/?product=saint-laurent-sl500\",\"name\":\"SAINT LAURENT SL500 - Sklep Centrum Optyczne\",\"isPartOf\":{\"@id\":\"http:\/\/sklep.optykweb.com\/#website\"},\"primaryImageOfPage\":{\"@id\":\"http:\/\/sklep.optykweb.com\/?product=saint-laurent-sl500#primaryimage\"},\"image\":{\"@id\":\"http:\/\/sklep.optykweb.com\/?product=saint-laurent-sl500#primaryimage\"},\"thumbnailUrl\":\"http:\/\/sklep.optykweb.com\/wp-content\/uploads\/2024\/09\/IMG_7700.jpg\",\"datePublished\":\"2024-09-16T05:53:28+00:00\",\"dateModified\":\"2024-09-16T06:02:25+00:00\",\"breadcrumb\":{\"@id\":\"http:\/\/sklep.optykweb.com\/?product=saint-laurent-sl500#breadcrumb\"},\"inLanguage\":\"pl-PL\",\"potentialAction\":[{\"@type\":\"ReadAction\",\"target\":[\"http:\/\/sklep.optykweb.com\/?product=saint-laurent-sl500\"]}]},{\"@type\":\"ImageObject\",\"inLanguage\":\"pl-PL\",\"@id\":\"http:\/\/sklep.optykweb.com\/?product=saint-laurent-sl500#primaryimage\",\"url\":\"http:\/\/sklep.optykweb.com\/wp-content\/uploads\/2024\/09\/IMG_7700.jpg\",\"contentUrl\":\"http:\/\/sklep.optykweb.com\/wp-content\/uploads\/2024\/09\/IMG_7700.jpg\",\"width\":1869,\"height\":1869},{\"@type\":\"BreadcrumbList\",\"@id\":\"http:\/\/sklep.optykweb.com\/?product=saint-laurent-sl500#breadcrumb\",\"itemListElement\":[{\"@type\":\"ListItem\",\"position\":1,\"name\":\"Strona g\u0142\u00f3wna\",\"item\":\"http:\/\/sklep.optykweb.com\/\"},{\"@type\":\"ListItem\",\"position\":2,\"name\":\"Sklep\",\"item\":\"http:\/\/sklep.optykweb.com\/?page_id=200\"},{\"@type\":\"ListItem\",\"position\":3,\"name\":\"SAINT LAURENT SL500\"}]},{\"@type\":\"WebSite\",\"@id\":\"http:\/\/sklep.optykweb.com\/#website\",\"url\":\"http:\/\/sklep.optykweb.com\/\",\"name\":\"Sklep Centrum Optyczne\",\"description\":\"okulary korekcyjne, przeciws\u0142oneczne i akcesoria\",\"publisher\":{\"@id\":\"http:\/\/sklep.optykweb.com\/#organization\"},\"potentialAction\":[{\"@type\":\"SearchAction\",\"target\":{\"@type\":\"EntryPoint\",\"urlTemplate\":\"http:\/\/sklep.optykweb.com\/?s={search_term_string}\"},\"query-input\":{\"@type\":\"PropertyValueSpecification\",\"valueRequired\":true,\"valueName\":\"search_term_string\"}}],\"inLanguage\":\"pl-PL\"},{\"@type\":\"Organization\",\"@id\":\"http:\/\/sklep.optykweb.com\/#organization\",\"name\":\"Sklep Centrum Optyczne\",\"url\":\"http:\/\/sklep.optykweb.com\/\",\"logo\":{\"@type\":\"ImageObject\",\"inLanguage\":\"pl-PL\",\"@id\":\"http:\/\/sklep.optykweb.com\/#\/schema\/logo\/image\/\",\"url\":\"http:\/\/sklep.optykweb.com\/wp-content\/uploads\/2022\/12\/logo-sklep.png\",\"contentUrl\":\"http:\/\/sklep.optykweb.com\/wp-content\/uploads\/2022\/12\/logo-sklep.png\",\"width\":500,\"height\":467,\"caption\":\"Sklep Centrum Optyczne\"},\"image\":{\"@id\":\"http:\/\/sklep.optykweb.com\/#\/schema\/logo\/image\/\"},\"sameAs\":[\"https:\/\/www.facebook.com\/OptykPlonsk\/\",\"https:\/\/www.instagram.com\/centrum_optyczne\/\"]}]}<\/script>\n<!-- \/ Yoast SEO plugin. -->","yoast_head_json":{"title":"SAINT LAURENT SL500 - Sklep Centrum Optyczne","robots":{"index":"index","follow":"follow","max-snippet":"max-snippet:-1","max-image-preview":"max-image-preview:large","max-video-preview":"max-video-preview:-1"},"canonical":"http:\/\/sklep.optykweb.com\/?product=saint-laurent-sl500","og_locale":"pl_PL","og_type":"article","og_title":"SAINT LAURENT SL500 - Sklep Centrum Optyczne","og_description":"&nbsp;  Kolor: 005  Rozmiar: 54 M  Szeroko\u015b\u0107 mostka: 19  D\u0142ugo\u015b\u0107 zausznika: 145","og_url":"http:\/\/sklep.optykweb.com\/?product=saint-laurent-sl500","og_site_name":"Sklep Centrum Optyczne","article_publisher":"https:\/\/www.facebook.com\/OptykPlonsk\/","article_modified_time":"2024-09-16T06:02:25+00:00","og_image":[{"width":1869,"height":1869,"url":"http:\/\/sklep.optykweb.com\/wp-content\/uploads\/2024\/09\/IMG_7700.jpg","type":"image\/jpeg"}],"twitter_card":"summary_large_image","twitter_misc":{"Szacowany czas czytania":"1 minuta"},"schema":{"@context":"https:\/\/schema.org","@graph":[{"@type":"WebPage","@id":"http:\/\/sklep.optykweb.com\/?product=saint-laurent-sl500","url":"http:\/\/sklep.optykweb.com\/?product=saint-laurent-sl500","name":"SAINT LAURENT SL500 - Sklep Centrum Optyczne","isPartOf":{"@id":"http:\/\/sklep.optykweb.com\/#website"},"primaryImageOfPage":{"@id":"http:\/\/sklep.optykweb.com\/?product=saint-laurent-sl500#primaryimage"},"image":{"@id":"http:\/\/sklep.optykweb.com\/?product=saint-laurent-sl500#primaryimage"},"thumbnailUrl":"http:\/\/sklep.optykweb.com\/wp-content\/uploads\/2024\/09\/IMG_7700.jpg","datePublished":"2024-09-16T05:53:28+00:00","dateModified":"2024-09-16T06:02:25+00:00","breadcrumb":{"@id":"http:\/\/sklep.optykweb.com\/?product=saint-laurent-sl500#breadcrumb"},"inLanguage":"pl-PL","potentialAction":[{"@type":"ReadAction","target":["http:\/\/sklep.optykweb.com\/?product=saint-laurent-sl500"]}]},{"@type":"ImageObject","inLanguage":"pl-PL","@id":"http:\/\/sklep.optykweb.com\/?product=saint-laurent-sl500#primaryimage","url":"http:\/\/sklep.optykweb.com\/wp-content\/uploads\/2024\/09\/IMG_7700.jpg","contentUrl":"http:\/\/sklep.optykweb.com\/wp-content\/uploads\/2024\/09\/IMG_7700.jpg","width":1869,"height":1869},{"@type":"BreadcrumbList","@id":"http:\/\/sklep.optykweb.com\/?product=saint-laurent-sl500#breadcrumb","itemListElement":[{"@type":"ListItem","position":1,"name":"Strona g\u0142\u00f3wna","item":"http:\/\/sklep.optykweb.com\/"},{"@type":"ListItem","position":2,"name":"Sklep","item":"http:\/\/sklep.optykweb.com\/?page_id=200"},{"@type":"ListItem","position":3,"name":"SAINT LAURENT SL500"}]},{"@type":"WebSite","@id":"http:\/\/sklep.optykweb.com\/#website","url":"http:\/\/sklep.optykweb.com\/","name":"Sklep Centrum Optyczne","description":"okulary korekcyjne, przeciws\u0142oneczne i akcesoria","publisher":{"@id":"http:\/\/sklep.optykweb.com\/#organization"},"potentialAction":[{"@type":"SearchAction","target":{"@type":"EntryPoint","urlTemplate":"http:\/\/sklep.optykweb.com\/?s={search_term_string}"},"query-input":{"@type":"PropertyValueSpecification","valueRequired":true,"valueName":"search_term_string"}}],"inLanguage":"pl-PL"},{"@type":"Organization","@id":"http:\/\/sklep.optykweb.com\/#organization","name":"Sklep Centrum Optyczne","url":"http:\/\/sklep.optykweb.com\/","logo":{"@type":"ImageObject","inLanguage":"pl-PL","@id":"http:\/\/sklep.optykweb.com\/#\/schema\/logo\/image\/","url":"http:\/\/sklep.optykweb.com\/wp-content\/uploads\/2022\/12\/logo-sklep.png","contentUrl":"http:\/\/sklep.optykweb.com\/wp-content\/uploads\/2022\/12\/logo-sklep.png","width":500,"height":467,"caption":"Sklep Centrum Optyczne"},"image":{"@id":"http:\/\/sklep.optykweb.com\/#\/schema\/logo\/image\/"},"sameAs":["https:\/\/www.facebook.com\/OptykPlonsk\/","https:\/\/www.instagram.com\/centrum_optyczne\/"]}]}},"_links":{"self":[{"href":"http:\/\/sklep.optykweb.com\/index.php?rest_route=\/wp\/v2\/product\/4726","targetHints":{"allow":["GET"]}}],"collection":[{"href":"http:\/\/sklep.optykweb.com\/index.php?rest_route=\/wp\/v2\/product"}],"about":[{"href":"http:\/\/sklep.optykweb.com\/index.php?rest_route=\/wp\/v2\/types\/product"}],"wp:featuredmedia":[{"embeddable":true,"href":"http:\/\/sklep.optykweb.com\/index.php?rest_route=\/wp\/v2\/media\/4729"}],"wp:attachment":[{"href":"http:\/\/sklep.optykweb.com\/index.php?rest_route=%2Fwp%2Fv2%2Fmedia&parent=4726"}],"wp:term":[{"taxonomy":"product_brand","embeddable":true,"href":"http:\/\/sklep.optykweb.com\/index.php?rest_route=%2Fwp%2Fv2%2Fproduct_brand&post=4726"},{"taxonomy":"product_cat","embeddable":true,"href":"http:\/\/sklep.optykweb.com\/index.php?rest_route=%2Fwp%2Fv2%2Fproduct_cat&post=4726"},{"taxonomy":"product_tag","embeddable":true,"href":"http:\/\/sklep.optykweb.com\/index.php?rest_route=%2Fwp%2Fv2%2Fproduct_tag&post=4726"}],"curies":[{"name":"wp","href":"https:\/\/api.w.org\/{rel}","templated":true}]}}