{"id":3167,"date":"2023-01-13T15:03:20","date_gmt":"2023-01-13T14:03:20","guid":{"rendered":"http:\/\/sklep.optykweb.com\/?post_type=product&#038;p=3167"},"modified":"2024-06-02T18:43:56","modified_gmt":"2024-06-02T16:43:56","slug":"max-mara-anne-mm0023","status":"publish","type":"product","link":"http:\/\/sklep.optykweb.com\/?product=max-mara-anne-mm0023","title":{"rendered":"MAX MARA MM0023 ANNE"},"content":{"rendered":"<p>Max Mara tworzy okulary dla silnych, eleganckich kobiet. Oprawki s\u0105 dope\u0142nieniem stylizacji na ka\u017cd\u0105 okazj\u0119, wyr\u00f3\u017cniaj\u0105 si\u0119 te\u017c trwa\u0142o\u015bci\u0105 materia\u0142\u00f3w oraz dok\u0142adno\u015bci\u0105 wykonania. Najnowsza kolekcja marki stawia na klasyk\u0119 z nowoczesnymi elementami.<\/p>\n","protected":false},"excerpt":{"rendered":"<p>&nbsp;<\/p>\n<p>Kolor: 01B<\/p>\n<p>Rozmiar: 65<\/p>\n<p>Szeroko\u015b\u0107 mostka: 14<\/p>\n<p>D\u0142ugo\u015b\u0107 zausznika: 115<\/p>\n","protected":false},"featured_media":3171,"template":"","meta":[],"product_brand":[],"product_cat":[300],"product_tag":[],"class_list":{"0":"post-3167","1":"product","2":"type-product","3":"status-publish","4":"has-post-thumbnail","6":"product_cat-przeciwsloneczne","7":"pa_kolor-czarne","8":"pa_ksztalt-kwadrat","9":"pa_ksztalt-owalny","10":"pa_ksztalt-prosto","11":"pa_marka-max-mara","12":"pa_material-tworzywo","13":"pa_rodzaj-damskie","14":"pa_rozmiar-465","16":"first","17":"instock","18":"sale","19":"sold-individually","20":"taxable","21":"shipping-taxable","22":"purchasable","23":"product-type-simple","24":"add-to-wishlist-before_image"},"yoast_head":"<!-- This site is optimized with the Yoast SEO plugin v25.5 - https:\/\/yoast.com\/wordpress\/plugins\/seo\/ -->\n<title>MAX MARA MM0023 ANNE - Sklep Centrum Optyczne<\/title>\n<meta name=\"robots\" content=\"index, follow, max-snippet:-1, max-image-preview:large, max-video-preview:-1\" \/>\n<link rel=\"canonical\" href=\"http:\/\/sklep.optykweb.com\/?product=max-mara-anne-mm0023\" \/>\n<meta property=\"og:locale\" content=\"pl_PL\" \/>\n<meta property=\"og:type\" content=\"article\" \/>\n<meta property=\"og:title\" content=\"MAX MARA MM0023 ANNE - Sklep Centrum Optyczne\" \/>\n<meta property=\"og:description\" content=\"&nbsp;  Kolor: 01B  Rozmiar: 65  Szeroko\u015b\u0107 mostka: 14  D\u0142ugo\u015b\u0107 zausznika: 115\" \/>\n<meta property=\"og:url\" content=\"http:\/\/sklep.optykweb.com\/?product=max-mara-anne-mm0023\" \/>\n<meta property=\"og:site_name\" content=\"Sklep Centrum Optyczne\" \/>\n<meta property=\"article:publisher\" content=\"https:\/\/www.facebook.com\/OptykPlonsk\/\" \/>\n<meta property=\"article:modified_time\" content=\"2024-06-02T16:43:56+00:00\" \/>\n<meta property=\"og:image\" content=\"http:\/\/sklep.optykweb.com\/wp-content\/uploads\/2023\/01\/MAXMARA.webp\" \/>\n\t<meta property=\"og:image:width\" content=\"515\" \/>\n\t<meta property=\"og:image:height\" content=\"515\" \/>\n\t<meta property=\"og:image:type\" content=\"image\/webp\" \/>\n<meta name=\"twitter:card\" content=\"summary_large_image\" \/>\n<script type=\"application\/ld+json\" class=\"yoast-schema-graph\">{\"@context\":\"https:\/\/schema.org\",\"@graph\":[{\"@type\":\"WebPage\",\"@id\":\"http:\/\/sklep.optykweb.com\/?product=max-mara-anne-mm0023\",\"url\":\"http:\/\/sklep.optykweb.com\/?product=max-mara-anne-mm0023\",\"name\":\"MAX MARA MM0023 ANNE - Sklep Centrum Optyczne\",\"isPartOf\":{\"@id\":\"http:\/\/sklep.optykweb.com\/#website\"},\"primaryImageOfPage\":{\"@id\":\"http:\/\/sklep.optykweb.com\/?product=max-mara-anne-mm0023#primaryimage\"},\"image\":{\"@id\":\"http:\/\/sklep.optykweb.com\/?product=max-mara-anne-mm0023#primaryimage\"},\"thumbnailUrl\":\"http:\/\/sklep.optykweb.com\/wp-content\/uploads\/2023\/01\/MAXMARA.webp\",\"datePublished\":\"2023-01-13T14:03:20+00:00\",\"dateModified\":\"2024-06-02T16:43:56+00:00\",\"breadcrumb\":{\"@id\":\"http:\/\/sklep.optykweb.com\/?product=max-mara-anne-mm0023#breadcrumb\"},\"inLanguage\":\"pl-PL\",\"potentialAction\":[{\"@type\":\"ReadAction\",\"target\":[\"http:\/\/sklep.optykweb.com\/?product=max-mara-anne-mm0023\"]}]},{\"@type\":\"ImageObject\",\"inLanguage\":\"pl-PL\",\"@id\":\"http:\/\/sklep.optykweb.com\/?product=max-mara-anne-mm0023#primaryimage\",\"url\":\"http:\/\/sklep.optykweb.com\/wp-content\/uploads\/2023\/01\/MAXMARA.webp\",\"contentUrl\":\"http:\/\/sklep.optykweb.com\/wp-content\/uploads\/2023\/01\/MAXMARA.webp\",\"width\":515,\"height\":515},{\"@type\":\"BreadcrumbList\",\"@id\":\"http:\/\/sklep.optykweb.com\/?product=max-mara-anne-mm0023#breadcrumb\",\"itemListElement\":[{\"@type\":\"ListItem\",\"position\":1,\"name\":\"Strona g\u0142\u00f3wna\",\"item\":\"http:\/\/sklep.optykweb.com\/\"},{\"@type\":\"ListItem\",\"position\":2,\"name\":\"Sklep\",\"item\":\"http:\/\/sklep.optykweb.com\/?page_id=200\"},{\"@type\":\"ListItem\",\"position\":3,\"name\":\"MAX MARA MM0023 ANNE\"}]},{\"@type\":\"WebSite\",\"@id\":\"http:\/\/sklep.optykweb.com\/#website\",\"url\":\"http:\/\/sklep.optykweb.com\/\",\"name\":\"Sklep Centrum Optyczne\",\"description\":\"okulary korekcyjne, przeciws\u0142oneczne i akcesoria\",\"publisher\":{\"@id\":\"http:\/\/sklep.optykweb.com\/#organization\"},\"potentialAction\":[{\"@type\":\"SearchAction\",\"target\":{\"@type\":\"EntryPoint\",\"urlTemplate\":\"http:\/\/sklep.optykweb.com\/?s={search_term_string}\"},\"query-input\":{\"@type\":\"PropertyValueSpecification\",\"valueRequired\":true,\"valueName\":\"search_term_string\"}}],\"inLanguage\":\"pl-PL\"},{\"@type\":\"Organization\",\"@id\":\"http:\/\/sklep.optykweb.com\/#organization\",\"name\":\"Sklep Centrum Optyczne\",\"url\":\"http:\/\/sklep.optykweb.com\/\",\"logo\":{\"@type\":\"ImageObject\",\"inLanguage\":\"pl-PL\",\"@id\":\"http:\/\/sklep.optykweb.com\/#\/schema\/logo\/image\/\",\"url\":\"http:\/\/sklep.optykweb.com\/wp-content\/uploads\/2022\/12\/logo-sklep.png\",\"contentUrl\":\"http:\/\/sklep.optykweb.com\/wp-content\/uploads\/2022\/12\/logo-sklep.png\",\"width\":500,\"height\":467,\"caption\":\"Sklep Centrum Optyczne\"},\"image\":{\"@id\":\"http:\/\/sklep.optykweb.com\/#\/schema\/logo\/image\/\"},\"sameAs\":[\"https:\/\/www.facebook.com\/OptykPlonsk\/\",\"https:\/\/www.instagram.com\/centrum_optyczne\/\"]}]}<\/script>\n<!-- \/ Yoast SEO plugin. -->","yoast_head_json":{"title":"MAX MARA MM0023 ANNE - Sklep Centrum Optyczne","robots":{"index":"index","follow":"follow","max-snippet":"max-snippet:-1","max-image-preview":"max-image-preview:large","max-video-preview":"max-video-preview:-1"},"canonical":"http:\/\/sklep.optykweb.com\/?product=max-mara-anne-mm0023","og_locale":"pl_PL","og_type":"article","og_title":"MAX MARA MM0023 ANNE - Sklep Centrum Optyczne","og_description":"&nbsp;  Kolor: 01B  Rozmiar: 65  Szeroko\u015b\u0107 mostka: 14  D\u0142ugo\u015b\u0107 zausznika: 115","og_url":"http:\/\/sklep.optykweb.com\/?product=max-mara-anne-mm0023","og_site_name":"Sklep Centrum Optyczne","article_publisher":"https:\/\/www.facebook.com\/OptykPlonsk\/","article_modified_time":"2024-06-02T16:43:56+00:00","og_image":[{"width":515,"height":515,"url":"http:\/\/sklep.optykweb.com\/wp-content\/uploads\/2023\/01\/MAXMARA.webp","type":"image\/webp"}],"twitter_card":"summary_large_image","schema":{"@context":"https:\/\/schema.org","@graph":[{"@type":"WebPage","@id":"http:\/\/sklep.optykweb.com\/?product=max-mara-anne-mm0023","url":"http:\/\/sklep.optykweb.com\/?product=max-mara-anne-mm0023","name":"MAX MARA MM0023 ANNE - Sklep Centrum Optyczne","isPartOf":{"@id":"http:\/\/sklep.optykweb.com\/#website"},"primaryImageOfPage":{"@id":"http:\/\/sklep.optykweb.com\/?product=max-mara-anne-mm0023#primaryimage"},"image":{"@id":"http:\/\/sklep.optykweb.com\/?product=max-mara-anne-mm0023#primaryimage"},"thumbnailUrl":"http:\/\/sklep.optykweb.com\/wp-content\/uploads\/2023\/01\/MAXMARA.webp","datePublished":"2023-01-13T14:03:20+00:00","dateModified":"2024-06-02T16:43:56+00:00","breadcrumb":{"@id":"http:\/\/sklep.optykweb.com\/?product=max-mara-anne-mm0023#breadcrumb"},"inLanguage":"pl-PL","potentialAction":[{"@type":"ReadAction","target":["http:\/\/sklep.optykweb.com\/?product=max-mara-anne-mm0023"]}]},{"@type":"ImageObject","inLanguage":"pl-PL","@id":"http:\/\/sklep.optykweb.com\/?product=max-mara-anne-mm0023#primaryimage","url":"http:\/\/sklep.optykweb.com\/wp-content\/uploads\/2023\/01\/MAXMARA.webp","contentUrl":"http:\/\/sklep.optykweb.com\/wp-content\/uploads\/2023\/01\/MAXMARA.webp","width":515,"height":515},{"@type":"BreadcrumbList","@id":"http:\/\/sklep.optykweb.com\/?product=max-mara-anne-mm0023#breadcrumb","itemListElement":[{"@type":"ListItem","position":1,"name":"Strona g\u0142\u00f3wna","item":"http:\/\/sklep.optykweb.com\/"},{"@type":"ListItem","position":2,"name":"Sklep","item":"http:\/\/sklep.optykweb.com\/?page_id=200"},{"@type":"ListItem","position":3,"name":"MAX MARA MM0023 ANNE"}]},{"@type":"WebSite","@id":"http:\/\/sklep.optykweb.com\/#website","url":"http:\/\/sklep.optykweb.com\/","name":"Sklep Centrum Optyczne","description":"okulary korekcyjne, przeciws\u0142oneczne i akcesoria","publisher":{"@id":"http:\/\/sklep.optykweb.com\/#organization"},"potentialAction":[{"@type":"SearchAction","target":{"@type":"EntryPoint","urlTemplate":"http:\/\/sklep.optykweb.com\/?s={search_term_string}"},"query-input":{"@type":"PropertyValueSpecification","valueRequired":true,"valueName":"search_term_string"}}],"inLanguage":"pl-PL"},{"@type":"Organization","@id":"http:\/\/sklep.optykweb.com\/#organization","name":"Sklep Centrum Optyczne","url":"http:\/\/sklep.optykweb.com\/","logo":{"@type":"ImageObject","inLanguage":"pl-PL","@id":"http:\/\/sklep.optykweb.com\/#\/schema\/logo\/image\/","url":"http:\/\/sklep.optykweb.com\/wp-content\/uploads\/2022\/12\/logo-sklep.png","contentUrl":"http:\/\/sklep.optykweb.com\/wp-content\/uploads\/2022\/12\/logo-sklep.png","width":500,"height":467,"caption":"Sklep Centrum Optyczne"},"image":{"@id":"http:\/\/sklep.optykweb.com\/#\/schema\/logo\/image\/"},"sameAs":["https:\/\/www.facebook.com\/OptykPlonsk\/","https:\/\/www.instagram.com\/centrum_optyczne\/"]}]}},"_links":{"self":[{"href":"http:\/\/sklep.optykweb.com\/index.php?rest_route=\/wp\/v2\/product\/3167","targetHints":{"allow":["GET"]}}],"collection":[{"href":"http:\/\/sklep.optykweb.com\/index.php?rest_route=\/wp\/v2\/product"}],"about":[{"href":"http:\/\/sklep.optykweb.com\/index.php?rest_route=\/wp\/v2\/types\/product"}],"wp:featuredmedia":[{"embeddable":true,"href":"http:\/\/sklep.optykweb.com\/index.php?rest_route=\/wp\/v2\/media\/3171"}],"wp:attachment":[{"href":"http:\/\/sklep.optykweb.com\/index.php?rest_route=%2Fwp%2Fv2%2Fmedia&parent=3167"}],"wp:term":[{"taxonomy":"product_brand","embeddable":true,"href":"http:\/\/sklep.optykweb.com\/index.php?rest_route=%2Fwp%2Fv2%2Fproduct_brand&post=3167"},{"taxonomy":"product_cat","embeddable":true,"href":"http:\/\/sklep.optykweb.com\/index.php?rest_route=%2Fwp%2Fv2%2Fproduct_cat&post=3167"},{"taxonomy":"product_tag","embeddable":true,"href":"http:\/\/sklep.optykweb.com\/index.php?rest_route=%2Fwp%2Fv2%2Fproduct_tag&post=3167"}],"curies":[{"name":"wp","href":"https:\/\/api.w.org\/{rel}","templated":true}]}}