{"id":3156,"date":"2023-01-13T14:49:53","date_gmt":"2023-01-13T13:49:53","guid":{"rendered":"http:\/\/sklep.optykweb.com\/?post_type=product&#038;p=3156"},"modified":"2024-09-01T20:03:33","modified_gmt":"2024-09-01T18:03:33","slug":"balenciaga-bb-0004s-2","status":"publish","type":"product","link":"http:\/\/sklep.optykweb.com\/?product=balenciaga-bb-0004s-2","title":{"rendered":"BALENCIAGA BB 0004S"},"content":{"rendered":"<p>Marka Balenciaga s\u0142ynie z oryginalnych, futurystycznych kszta\u0142t\u00f3w. Du\u017cym atutem jest wysoka jako\u015b\u0107 materia\u0142u. Polecane s\u0105 dla os\u00f3b odwa\u017cnych i lubi\u0105cych wyr\u00f3\u017cnia\u0107 si\u0119 stylem.<\/p>\n","protected":false},"excerpt":{"rendered":"<p>&nbsp;<\/p>\n<p>Kolor: 002<\/p>\n<p>Rozmiar: 65<\/p>\n<p>Szeroko\u015b\u0107 mostka: 12<\/p>\n<p>D\u0142ugo\u015b\u0107 zausznika: 145<\/p>\n","protected":false},"featured_media":3157,"template":"","meta":[],"product_brand":[],"product_cat":[300],"product_tag":[],"class_list":{"0":"post-3156","1":"product","2":"type-product","3":"status-publish","4":"has-post-thumbnail","6":"product_cat-przeciwsloneczne","7":"pa_kolor-czarne","8":"pa_kolor-fioletowe","9":"pa_kolor-rozowe","10":"pa_ksztalt-koci","11":"pa_ksztalt-owalny","12":"pa_marka-balenciaga","13":"pa_material-tworzywo","14":"pa_rodzaj-damskie","15":"pa_rozmiar-465","17":"first","18":"instock","19":"sale","20":"sold-individually","21":"taxable","22":"shipping-taxable","23":"purchasable","24":"product-type-simple","25":"add-to-wishlist-before_image"},"yoast_head":"<!-- This site is optimized with the Yoast SEO plugin v25.5 - https:\/\/yoast.com\/wordpress\/plugins\/seo\/ -->\n<title>BALENCIAGA BB 0004S - Sklep Centrum Optyczne<\/title>\n<meta name=\"robots\" content=\"index, follow, max-snippet:-1, max-image-preview:large, max-video-preview:-1\" \/>\n<link rel=\"canonical\" href=\"http:\/\/sklep.optykweb.com\/?product=balenciaga-bb-0004s-2\" \/>\n<meta property=\"og:locale\" content=\"pl_PL\" \/>\n<meta property=\"og:type\" content=\"article\" \/>\n<meta property=\"og:title\" content=\"BALENCIAGA BB 0004S - Sklep Centrum Optyczne\" \/>\n<meta property=\"og:description\" content=\"&nbsp;  Kolor: 002  Rozmiar: 65  Szeroko\u015b\u0107 mostka: 12  D\u0142ugo\u015b\u0107 zausznika: 145\" \/>\n<meta property=\"og:url\" content=\"http:\/\/sklep.optykweb.com\/?product=balenciaga-bb-0004s-2\" \/>\n<meta property=\"og:site_name\" content=\"Sklep Centrum Optyczne\" \/>\n<meta property=\"article:publisher\" content=\"https:\/\/www.facebook.com\/OptykPlonsk\/\" \/>\n<meta property=\"article:modified_time\" content=\"2024-09-01T18:03:33+00:00\" \/>\n<meta property=\"og:image\" content=\"http:\/\/sklep.optykweb.com\/wp-content\/uploads\/2023\/01\/balenciaga1.jpg\" \/>\n\t<meta property=\"og:image:width\" content=\"1200\" \/>\n\t<meta property=\"og:image:height\" content=\"1200\" \/>\n\t<meta property=\"og:image:type\" content=\"image\/jpeg\" \/>\n<meta name=\"twitter:card\" content=\"summary_large_image\" \/>\n<script type=\"application\/ld+json\" class=\"yoast-schema-graph\">{\"@context\":\"https:\/\/schema.org\",\"@graph\":[{\"@type\":\"WebPage\",\"@id\":\"http:\/\/sklep.optykweb.com\/?product=balenciaga-bb-0004s-2\",\"url\":\"http:\/\/sklep.optykweb.com\/?product=balenciaga-bb-0004s-2\",\"name\":\"BALENCIAGA BB 0004S - Sklep Centrum Optyczne\",\"isPartOf\":{\"@id\":\"http:\/\/sklep.optykweb.com\/#website\"},\"primaryImageOfPage\":{\"@id\":\"http:\/\/sklep.optykweb.com\/?product=balenciaga-bb-0004s-2#primaryimage\"},\"image\":{\"@id\":\"http:\/\/sklep.optykweb.com\/?product=balenciaga-bb-0004s-2#primaryimage\"},\"thumbnailUrl\":\"http:\/\/sklep.optykweb.com\/wp-content\/uploads\/2023\/01\/balenciaga1.jpg\",\"datePublished\":\"2023-01-13T13:49:53+00:00\",\"dateModified\":\"2024-09-01T18:03:33+00:00\",\"breadcrumb\":{\"@id\":\"http:\/\/sklep.optykweb.com\/?product=balenciaga-bb-0004s-2#breadcrumb\"},\"inLanguage\":\"pl-PL\",\"potentialAction\":[{\"@type\":\"ReadAction\",\"target\":[\"http:\/\/sklep.optykweb.com\/?product=balenciaga-bb-0004s-2\"]}]},{\"@type\":\"ImageObject\",\"inLanguage\":\"pl-PL\",\"@id\":\"http:\/\/sklep.optykweb.com\/?product=balenciaga-bb-0004s-2#primaryimage\",\"url\":\"http:\/\/sklep.optykweb.com\/wp-content\/uploads\/2023\/01\/balenciaga1.jpg\",\"contentUrl\":\"http:\/\/sklep.optykweb.com\/wp-content\/uploads\/2023\/01\/balenciaga1.jpg\",\"width\":1200,\"height\":1200},{\"@type\":\"BreadcrumbList\",\"@id\":\"http:\/\/sklep.optykweb.com\/?product=balenciaga-bb-0004s-2#breadcrumb\",\"itemListElement\":[{\"@type\":\"ListItem\",\"position\":1,\"name\":\"Strona g\u0142\u00f3wna\",\"item\":\"http:\/\/sklep.optykweb.com\/\"},{\"@type\":\"ListItem\",\"position\":2,\"name\":\"Sklep\",\"item\":\"http:\/\/sklep.optykweb.com\/?page_id=200\"},{\"@type\":\"ListItem\",\"position\":3,\"name\":\"BALENCIAGA BB 0004S\"}]},{\"@type\":\"WebSite\",\"@id\":\"http:\/\/sklep.optykweb.com\/#website\",\"url\":\"http:\/\/sklep.optykweb.com\/\",\"name\":\"Sklep Centrum Optyczne\",\"description\":\"okulary korekcyjne, przeciws\u0142oneczne i akcesoria\",\"publisher\":{\"@id\":\"http:\/\/sklep.optykweb.com\/#organization\"},\"potentialAction\":[{\"@type\":\"SearchAction\",\"target\":{\"@type\":\"EntryPoint\",\"urlTemplate\":\"http:\/\/sklep.optykweb.com\/?s={search_term_string}\"},\"query-input\":{\"@type\":\"PropertyValueSpecification\",\"valueRequired\":true,\"valueName\":\"search_term_string\"}}],\"inLanguage\":\"pl-PL\"},{\"@type\":\"Organization\",\"@id\":\"http:\/\/sklep.optykweb.com\/#organization\",\"name\":\"Sklep Centrum Optyczne\",\"url\":\"http:\/\/sklep.optykweb.com\/\",\"logo\":{\"@type\":\"ImageObject\",\"inLanguage\":\"pl-PL\",\"@id\":\"http:\/\/sklep.optykweb.com\/#\/schema\/logo\/image\/\",\"url\":\"http:\/\/sklep.optykweb.com\/wp-content\/uploads\/2022\/12\/logo-sklep.png\",\"contentUrl\":\"http:\/\/sklep.optykweb.com\/wp-content\/uploads\/2022\/12\/logo-sklep.png\",\"width\":500,\"height\":467,\"caption\":\"Sklep Centrum Optyczne\"},\"image\":{\"@id\":\"http:\/\/sklep.optykweb.com\/#\/schema\/logo\/image\/\"},\"sameAs\":[\"https:\/\/www.facebook.com\/OptykPlonsk\/\",\"https:\/\/www.instagram.com\/centrum_optyczne\/\"]}]}<\/script>\n<!-- \/ Yoast SEO plugin. -->","yoast_head_json":{"title":"BALENCIAGA BB 0004S - Sklep Centrum Optyczne","robots":{"index":"index","follow":"follow","max-snippet":"max-snippet:-1","max-image-preview":"max-image-preview:large","max-video-preview":"max-video-preview:-1"},"canonical":"http:\/\/sklep.optykweb.com\/?product=balenciaga-bb-0004s-2","og_locale":"pl_PL","og_type":"article","og_title":"BALENCIAGA BB 0004S - Sklep Centrum Optyczne","og_description":"&nbsp;  Kolor: 002  Rozmiar: 65  Szeroko\u015b\u0107 mostka: 12  D\u0142ugo\u015b\u0107 zausznika: 145","og_url":"http:\/\/sklep.optykweb.com\/?product=balenciaga-bb-0004s-2","og_site_name":"Sklep Centrum Optyczne","article_publisher":"https:\/\/www.facebook.com\/OptykPlonsk\/","article_modified_time":"2024-09-01T18:03:33+00:00","og_image":[{"width":1200,"height":1200,"url":"http:\/\/sklep.optykweb.com\/wp-content\/uploads\/2023\/01\/balenciaga1.jpg","type":"image\/jpeg"}],"twitter_card":"summary_large_image","schema":{"@context":"https:\/\/schema.org","@graph":[{"@type":"WebPage","@id":"http:\/\/sklep.optykweb.com\/?product=balenciaga-bb-0004s-2","url":"http:\/\/sklep.optykweb.com\/?product=balenciaga-bb-0004s-2","name":"BALENCIAGA BB 0004S - Sklep Centrum Optyczne","isPartOf":{"@id":"http:\/\/sklep.optykweb.com\/#website"},"primaryImageOfPage":{"@id":"http:\/\/sklep.optykweb.com\/?product=balenciaga-bb-0004s-2#primaryimage"},"image":{"@id":"http:\/\/sklep.optykweb.com\/?product=balenciaga-bb-0004s-2#primaryimage"},"thumbnailUrl":"http:\/\/sklep.optykweb.com\/wp-content\/uploads\/2023\/01\/balenciaga1.jpg","datePublished":"2023-01-13T13:49:53+00:00","dateModified":"2024-09-01T18:03:33+00:00","breadcrumb":{"@id":"http:\/\/sklep.optykweb.com\/?product=balenciaga-bb-0004s-2#breadcrumb"},"inLanguage":"pl-PL","potentialAction":[{"@type":"ReadAction","target":["http:\/\/sklep.optykweb.com\/?product=balenciaga-bb-0004s-2"]}]},{"@type":"ImageObject","inLanguage":"pl-PL","@id":"http:\/\/sklep.optykweb.com\/?product=balenciaga-bb-0004s-2#primaryimage","url":"http:\/\/sklep.optykweb.com\/wp-content\/uploads\/2023\/01\/balenciaga1.jpg","contentUrl":"http:\/\/sklep.optykweb.com\/wp-content\/uploads\/2023\/01\/balenciaga1.jpg","width":1200,"height":1200},{"@type":"BreadcrumbList","@id":"http:\/\/sklep.optykweb.com\/?product=balenciaga-bb-0004s-2#breadcrumb","itemListElement":[{"@type":"ListItem","position":1,"name":"Strona g\u0142\u00f3wna","item":"http:\/\/sklep.optykweb.com\/"},{"@type":"ListItem","position":2,"name":"Sklep","item":"http:\/\/sklep.optykweb.com\/?page_id=200"},{"@type":"ListItem","position":3,"name":"BALENCIAGA BB 0004S"}]},{"@type":"WebSite","@id":"http:\/\/sklep.optykweb.com\/#website","url":"http:\/\/sklep.optykweb.com\/","name":"Sklep Centrum Optyczne","description":"okulary korekcyjne, przeciws\u0142oneczne i akcesoria","publisher":{"@id":"http:\/\/sklep.optykweb.com\/#organization"},"potentialAction":[{"@type":"SearchAction","target":{"@type":"EntryPoint","urlTemplate":"http:\/\/sklep.optykweb.com\/?s={search_term_string}"},"query-input":{"@type":"PropertyValueSpecification","valueRequired":true,"valueName":"search_term_string"}}],"inLanguage":"pl-PL"},{"@type":"Organization","@id":"http:\/\/sklep.optykweb.com\/#organization","name":"Sklep Centrum Optyczne","url":"http:\/\/sklep.optykweb.com\/","logo":{"@type":"ImageObject","inLanguage":"pl-PL","@id":"http:\/\/sklep.optykweb.com\/#\/schema\/logo\/image\/","url":"http:\/\/sklep.optykweb.com\/wp-content\/uploads\/2022\/12\/logo-sklep.png","contentUrl":"http:\/\/sklep.optykweb.com\/wp-content\/uploads\/2022\/12\/logo-sklep.png","width":500,"height":467,"caption":"Sklep Centrum Optyczne"},"image":{"@id":"http:\/\/sklep.optykweb.com\/#\/schema\/logo\/image\/"},"sameAs":["https:\/\/www.facebook.com\/OptykPlonsk\/","https:\/\/www.instagram.com\/centrum_optyczne\/"]}]}},"_links":{"self":[{"href":"http:\/\/sklep.optykweb.com\/index.php?rest_route=\/wp\/v2\/product\/3156","targetHints":{"allow":["GET"]}}],"collection":[{"href":"http:\/\/sklep.optykweb.com\/index.php?rest_route=\/wp\/v2\/product"}],"about":[{"href":"http:\/\/sklep.optykweb.com\/index.php?rest_route=\/wp\/v2\/types\/product"}],"wp:featuredmedia":[{"embeddable":true,"href":"http:\/\/sklep.optykweb.com\/index.php?rest_route=\/wp\/v2\/media\/3157"}],"wp:attachment":[{"href":"http:\/\/sklep.optykweb.com\/index.php?rest_route=%2Fwp%2Fv2%2Fmedia&parent=3156"}],"wp:term":[{"taxonomy":"product_brand","embeddable":true,"href":"http:\/\/sklep.optykweb.com\/index.php?rest_route=%2Fwp%2Fv2%2Fproduct_brand&post=3156"},{"taxonomy":"product_cat","embeddable":true,"href":"http:\/\/sklep.optykweb.com\/index.php?rest_route=%2Fwp%2Fv2%2Fproduct_cat&post=3156"},{"taxonomy":"product_tag","embeddable":true,"href":"http:\/\/sklep.optykweb.com\/index.php?rest_route=%2Fwp%2Fv2%2Fproduct_tag&post=3156"}],"curies":[{"name":"wp","href":"https:\/\/api.w.org\/{rel}","templated":true}]}}