{"id":2864,"date":"2023-01-01T19:17:52","date_gmt":"2023-01-01T18:17:52","guid":{"rendered":"http:\/\/sklep.optykweb.com\/?post_type=product&#038;p=2864"},"modified":"2024-09-01T20:09:15","modified_gmt":"2024-09-01T18:09:15","slug":"phillipp-plein-pure-pleasure-london-spp011v","status":"publish","type":"product","link":"http:\/\/sklep.optykweb.com\/?product=phillipp-plein-pure-pleasure-london-spp011v","title":{"rendered":"PHILIPP PLEIN DIVA SPP028"},"content":{"rendered":"<p class=\"p1\">Marka buduje wok\u00f3\u0142 siebie atmosfer\u0119 luksusu i ekskluzywno\u015bci.\u00a0Okulary bogato zdobione s\u0105 idealne dla os\u00f3b, kt\u00f3re chc\u0105 si\u0119 wyr\u00f3\u017cni\u0107 stylem.<\/p>\n","protected":false},"excerpt":{"rendered":"<p>&nbsp;<\/p>\n<p>Kolor: 700X<\/p>\n<p>Rozmiar: 61<\/p>\n<p>Szeroko\u015b\u0107 mostka: 16<\/p>\n<p>D\u0142ugo\u015b\u0107 zausznika: 135<\/p>\n","protected":false},"featured_media":4140,"template":"","meta":[],"product_brand":[],"product_cat":[300],"product_tag":[],"class_list":{"0":"post-2864","1":"product","2":"type-product","3":"status-publish","4":"has-post-thumbnail","6":"product_cat-przeciwsloneczne","7":"pa_kolor-czarne","8":"pa_kolor-zlote","9":"pa_ksztalt-kwadrat","10":"pa_marka-philipp-plein","11":"pa_material-tworzywo","12":"pa_rodzaj-damskie","13":"pa_rozmiar-489","15":"first","16":"instock","17":"sale","18":"sold-individually","19":"taxable","20":"shipping-taxable","21":"purchasable","22":"product-type-simple","23":"add-to-wishlist-before_image"},"yoast_head":"<!-- This site is optimized with the Yoast SEO plugin v25.5 - https:\/\/yoast.com\/wordpress\/plugins\/seo\/ -->\n<title>PHILIPP PLEIN DIVA SPP028 - Sklep Centrum Optyczne<\/title>\n<meta name=\"robots\" content=\"index, follow, max-snippet:-1, max-image-preview:large, max-video-preview:-1\" \/>\n<link rel=\"canonical\" href=\"http:\/\/sklep.optykweb.com\/?product=phillipp-plein-pure-pleasure-london-spp011v\" \/>\n<meta property=\"og:locale\" content=\"pl_PL\" \/>\n<meta property=\"og:type\" content=\"article\" \/>\n<meta property=\"og:title\" content=\"PHILIPP PLEIN DIVA SPP028 - Sklep Centrum Optyczne\" \/>\n<meta property=\"og:description\" content=\"&nbsp;  Kolor: 700X  Rozmiar: 61  Szeroko\u015b\u0107 mostka: 16  D\u0142ugo\u015b\u0107 zausznika: 135\" \/>\n<meta property=\"og:url\" content=\"http:\/\/sklep.optykweb.com\/?product=phillipp-plein-pure-pleasure-london-spp011v\" \/>\n<meta property=\"og:site_name\" content=\"Sklep Centrum Optyczne\" \/>\n<meta property=\"article:publisher\" content=\"https:\/\/www.facebook.com\/OptykPlonsk\/\" \/>\n<meta property=\"article:modified_time\" content=\"2024-09-01T18:09:15+00:00\" \/>\n<meta property=\"og:image\" content=\"http:\/\/sklep.optykweb.com\/wp-content\/uploads\/2023\/01\/SPP028-700XC.jpg\" \/>\n\t<meta property=\"og:image:width\" content=\"900\" \/>\n\t<meta property=\"og:image:height\" content=\"900\" \/>\n\t<meta property=\"og:image:type\" content=\"image\/jpeg\" \/>\n<meta name=\"twitter:card\" content=\"summary_large_image\" \/>\n<script type=\"application\/ld+json\" class=\"yoast-schema-graph\">{\"@context\":\"https:\/\/schema.org\",\"@graph\":[{\"@type\":\"WebPage\",\"@id\":\"http:\/\/sklep.optykweb.com\/?product=phillipp-plein-pure-pleasure-london-spp011v\",\"url\":\"http:\/\/sklep.optykweb.com\/?product=phillipp-plein-pure-pleasure-london-spp011v\",\"name\":\"PHILIPP PLEIN DIVA SPP028 - Sklep Centrum Optyczne\",\"isPartOf\":{\"@id\":\"http:\/\/sklep.optykweb.com\/#website\"},\"primaryImageOfPage\":{\"@id\":\"http:\/\/sklep.optykweb.com\/?product=phillipp-plein-pure-pleasure-london-spp011v#primaryimage\"},\"image\":{\"@id\":\"http:\/\/sklep.optykweb.com\/?product=phillipp-plein-pure-pleasure-london-spp011v#primaryimage\"},\"thumbnailUrl\":\"http:\/\/sklep.optykweb.com\/wp-content\/uploads\/2023\/01\/SPP028-700XC.jpg\",\"datePublished\":\"2023-01-01T18:17:52+00:00\",\"dateModified\":\"2024-09-01T18:09:15+00:00\",\"breadcrumb\":{\"@id\":\"http:\/\/sklep.optykweb.com\/?product=phillipp-plein-pure-pleasure-london-spp011v#breadcrumb\"},\"inLanguage\":\"pl-PL\",\"potentialAction\":[{\"@type\":\"ReadAction\",\"target\":[\"http:\/\/sklep.optykweb.com\/?product=phillipp-plein-pure-pleasure-london-spp011v\"]}]},{\"@type\":\"ImageObject\",\"inLanguage\":\"pl-PL\",\"@id\":\"http:\/\/sklep.optykweb.com\/?product=phillipp-plein-pure-pleasure-london-spp011v#primaryimage\",\"url\":\"http:\/\/sklep.optykweb.com\/wp-content\/uploads\/2023\/01\/SPP028-700XC.jpg\",\"contentUrl\":\"http:\/\/sklep.optykweb.com\/wp-content\/uploads\/2023\/01\/SPP028-700XC.jpg\",\"width\":900,\"height\":900},{\"@type\":\"BreadcrumbList\",\"@id\":\"http:\/\/sklep.optykweb.com\/?product=phillipp-plein-pure-pleasure-london-spp011v#breadcrumb\",\"itemListElement\":[{\"@type\":\"ListItem\",\"position\":1,\"name\":\"Strona g\u0142\u00f3wna\",\"item\":\"http:\/\/sklep.optykweb.com\/\"},{\"@type\":\"ListItem\",\"position\":2,\"name\":\"Sklep\",\"item\":\"http:\/\/sklep.optykweb.com\/?page_id=200\"},{\"@type\":\"ListItem\",\"position\":3,\"name\":\"PHILIPP PLEIN DIVA SPP028\"}]},{\"@type\":\"WebSite\",\"@id\":\"http:\/\/sklep.optykweb.com\/#website\",\"url\":\"http:\/\/sklep.optykweb.com\/\",\"name\":\"Sklep Centrum Optyczne\",\"description\":\"okulary korekcyjne, przeciws\u0142oneczne i akcesoria\",\"publisher\":{\"@id\":\"http:\/\/sklep.optykweb.com\/#organization\"},\"potentialAction\":[{\"@type\":\"SearchAction\",\"target\":{\"@type\":\"EntryPoint\",\"urlTemplate\":\"http:\/\/sklep.optykweb.com\/?s={search_term_string}\"},\"query-input\":{\"@type\":\"PropertyValueSpecification\",\"valueRequired\":true,\"valueName\":\"search_term_string\"}}],\"inLanguage\":\"pl-PL\"},{\"@type\":\"Organization\",\"@id\":\"http:\/\/sklep.optykweb.com\/#organization\",\"name\":\"Sklep Centrum Optyczne\",\"url\":\"http:\/\/sklep.optykweb.com\/\",\"logo\":{\"@type\":\"ImageObject\",\"inLanguage\":\"pl-PL\",\"@id\":\"http:\/\/sklep.optykweb.com\/#\/schema\/logo\/image\/\",\"url\":\"http:\/\/sklep.optykweb.com\/wp-content\/uploads\/2022\/12\/logo-sklep.png\",\"contentUrl\":\"http:\/\/sklep.optykweb.com\/wp-content\/uploads\/2022\/12\/logo-sklep.png\",\"width\":500,\"height\":467,\"caption\":\"Sklep Centrum Optyczne\"},\"image\":{\"@id\":\"http:\/\/sklep.optykweb.com\/#\/schema\/logo\/image\/\"},\"sameAs\":[\"https:\/\/www.facebook.com\/OptykPlonsk\/\",\"https:\/\/www.instagram.com\/centrum_optyczne\/\"]}]}<\/script>\n<!-- \/ Yoast SEO plugin. -->","yoast_head_json":{"title":"PHILIPP PLEIN DIVA SPP028 - Sklep Centrum Optyczne","robots":{"index":"index","follow":"follow","max-snippet":"max-snippet:-1","max-image-preview":"max-image-preview:large","max-video-preview":"max-video-preview:-1"},"canonical":"http:\/\/sklep.optykweb.com\/?product=phillipp-plein-pure-pleasure-london-spp011v","og_locale":"pl_PL","og_type":"article","og_title":"PHILIPP PLEIN DIVA SPP028 - Sklep Centrum Optyczne","og_description":"&nbsp;  Kolor: 700X  Rozmiar: 61  Szeroko\u015b\u0107 mostka: 16  D\u0142ugo\u015b\u0107 zausznika: 135","og_url":"http:\/\/sklep.optykweb.com\/?product=phillipp-plein-pure-pleasure-london-spp011v","og_site_name":"Sklep Centrum Optyczne","article_publisher":"https:\/\/www.facebook.com\/OptykPlonsk\/","article_modified_time":"2024-09-01T18:09:15+00:00","og_image":[{"width":900,"height":900,"url":"http:\/\/sklep.optykweb.com\/wp-content\/uploads\/2023\/01\/SPP028-700XC.jpg","type":"image\/jpeg"}],"twitter_card":"summary_large_image","schema":{"@context":"https:\/\/schema.org","@graph":[{"@type":"WebPage","@id":"http:\/\/sklep.optykweb.com\/?product=phillipp-plein-pure-pleasure-london-spp011v","url":"http:\/\/sklep.optykweb.com\/?product=phillipp-plein-pure-pleasure-london-spp011v","name":"PHILIPP PLEIN DIVA SPP028 - Sklep Centrum Optyczne","isPartOf":{"@id":"http:\/\/sklep.optykweb.com\/#website"},"primaryImageOfPage":{"@id":"http:\/\/sklep.optykweb.com\/?product=phillipp-plein-pure-pleasure-london-spp011v#primaryimage"},"image":{"@id":"http:\/\/sklep.optykweb.com\/?product=phillipp-plein-pure-pleasure-london-spp011v#primaryimage"},"thumbnailUrl":"http:\/\/sklep.optykweb.com\/wp-content\/uploads\/2023\/01\/SPP028-700XC.jpg","datePublished":"2023-01-01T18:17:52+00:00","dateModified":"2024-09-01T18:09:15+00:00","breadcrumb":{"@id":"http:\/\/sklep.optykweb.com\/?product=phillipp-plein-pure-pleasure-london-spp011v#breadcrumb"},"inLanguage":"pl-PL","potentialAction":[{"@type":"ReadAction","target":["http:\/\/sklep.optykweb.com\/?product=phillipp-plein-pure-pleasure-london-spp011v"]}]},{"@type":"ImageObject","inLanguage":"pl-PL","@id":"http:\/\/sklep.optykweb.com\/?product=phillipp-plein-pure-pleasure-london-spp011v#primaryimage","url":"http:\/\/sklep.optykweb.com\/wp-content\/uploads\/2023\/01\/SPP028-700XC.jpg","contentUrl":"http:\/\/sklep.optykweb.com\/wp-content\/uploads\/2023\/01\/SPP028-700XC.jpg","width":900,"height":900},{"@type":"BreadcrumbList","@id":"http:\/\/sklep.optykweb.com\/?product=phillipp-plein-pure-pleasure-london-spp011v#breadcrumb","itemListElement":[{"@type":"ListItem","position":1,"name":"Strona g\u0142\u00f3wna","item":"http:\/\/sklep.optykweb.com\/"},{"@type":"ListItem","position":2,"name":"Sklep","item":"http:\/\/sklep.optykweb.com\/?page_id=200"},{"@type":"ListItem","position":3,"name":"PHILIPP PLEIN DIVA SPP028"}]},{"@type":"WebSite","@id":"http:\/\/sklep.optykweb.com\/#website","url":"http:\/\/sklep.optykweb.com\/","name":"Sklep Centrum Optyczne","description":"okulary korekcyjne, przeciws\u0142oneczne i akcesoria","publisher":{"@id":"http:\/\/sklep.optykweb.com\/#organization"},"potentialAction":[{"@type":"SearchAction","target":{"@type":"EntryPoint","urlTemplate":"http:\/\/sklep.optykweb.com\/?s={search_term_string}"},"query-input":{"@type":"PropertyValueSpecification","valueRequired":true,"valueName":"search_term_string"}}],"inLanguage":"pl-PL"},{"@type":"Organization","@id":"http:\/\/sklep.optykweb.com\/#organization","name":"Sklep Centrum Optyczne","url":"http:\/\/sklep.optykweb.com\/","logo":{"@type":"ImageObject","inLanguage":"pl-PL","@id":"http:\/\/sklep.optykweb.com\/#\/schema\/logo\/image\/","url":"http:\/\/sklep.optykweb.com\/wp-content\/uploads\/2022\/12\/logo-sklep.png","contentUrl":"http:\/\/sklep.optykweb.com\/wp-content\/uploads\/2022\/12\/logo-sklep.png","width":500,"height":467,"caption":"Sklep Centrum Optyczne"},"image":{"@id":"http:\/\/sklep.optykweb.com\/#\/schema\/logo\/image\/"},"sameAs":["https:\/\/www.facebook.com\/OptykPlonsk\/","https:\/\/www.instagram.com\/centrum_optyczne\/"]}]}},"_links":{"self":[{"href":"http:\/\/sklep.optykweb.com\/index.php?rest_route=\/wp\/v2\/product\/2864","targetHints":{"allow":["GET"]}}],"collection":[{"href":"http:\/\/sklep.optykweb.com\/index.php?rest_route=\/wp\/v2\/product"}],"about":[{"href":"http:\/\/sklep.optykweb.com\/index.php?rest_route=\/wp\/v2\/types\/product"}],"wp:featuredmedia":[{"embeddable":true,"href":"http:\/\/sklep.optykweb.com\/index.php?rest_route=\/wp\/v2\/media\/4140"}],"wp:attachment":[{"href":"http:\/\/sklep.optykweb.com\/index.php?rest_route=%2Fwp%2Fv2%2Fmedia&parent=2864"}],"wp:term":[{"taxonomy":"product_brand","embeddable":true,"href":"http:\/\/sklep.optykweb.com\/index.php?rest_route=%2Fwp%2Fv2%2Fproduct_brand&post=2864"},{"taxonomy":"product_cat","embeddable":true,"href":"http:\/\/sklep.optykweb.com\/index.php?rest_route=%2Fwp%2Fv2%2Fproduct_cat&post=2864"},{"taxonomy":"product_tag","embeddable":true,"href":"http:\/\/sklep.optykweb.com\/index.php?rest_route=%2Fwp%2Fv2%2Fproduct_tag&post=2864"}],"curies":[{"name":"wp","href":"https:\/\/api.w.org\/{rel}","templated":true}]}}