{"id":3280,"date":"2023-01-15T18:20:11","date_gmt":"2023-01-15T17:20:11","guid":{"rendered":"http:\/\/sklep.optykweb.com\/?page_id=3280"},"modified":"2023-01-17T00:27:30","modified_gmt":"2023-01-16T23:27:30","slug":"odstapienie-od-umowy","status":"publish","type":"page","link":"http:\/\/sklep.optykweb.com\/?page_id=3280","title":{"rendered":"Odst\u0105pienie od umowy"},"content":{"rendered":"<section class=\"wpb-content-wrapper\"><p>[vc_row row_type=&#8221;row&#8221; use_row_as_full_screen_section=&#8221;no&#8221; type=&#8221;full_width&#8221; text_align=&#8221;left&#8221; background_animation=&#8221;none&#8221; css_animation=&#8221;&#8221;][vc_column][vc_column_text]<\/p>\n<p class=\"p1\" style=\"text-align: center;\"><strong>Reklamacje i zwroty<\/strong><\/p>\n<p class=\"p3\" style=\"text-align: center;\"><strong>REKLAMACJE<\/strong><\/p>\n<p class=\"p3\">Wszelkie reklamacje zwi\u0105zane z towarem lub realizacj\u0105 umowy sprzeda\u017cy, mo\u017cna\u00a0 sk\u0142ada\u0107 w dowolnej formie. Reklamacje mog\u0105 by\u0107 sk\u0142adane z tytu\u0142u r\u0119kojmi.<\/p>\n<p class=\"p3\">Zg\u0142oszenie reklamacji mo\u017ce zosta\u0107 dokonane przy u\u017cyciu:<span class=\"s1\"><br \/>\n<\/span>&#8211; wys\u0142anie wiadomo\u015bci e-mail pod adres <span class=\"s2\">sklep@optykweb.com<\/span><br \/>\n&#8211; pisemnie, na adres:<br \/>\nCentrum Optyczne Krzysztof Kleniewski, 09-100 P\u0142o\u0144sk, ul. Grunwaldzka 31<\/p>\n<p class=\"p3\">W celu u\u0142atwienia procesu reklamacji, udost\u0119pniamy Formularz Reklamacji.<\/p>\n<p class=\"p3\">W celu przyspieszenia procesu reklamacji, prosimy o zamieszczenie:<br \/>\n&#8211; danych kontaktowych Konsumenta, kt\u00f3re pos\u0142u\u017c\u0105 udzieleniu odpowiedzi na reklamacj\u0119 oraz prowadzeniu korespondencji z ni\u0105 zwi\u0105zanej,<br \/>\n&#8211; numeru rachunku bankowego Konsumenta, kt\u00f3ry pos\u0142u\u017cy zwrotowi \u015brodk\u00f3w pieni\u0119\u017cnych, w przypadku zaistnienia takiej okoliczno\u015bci,<br \/>\n&#8211; opisu problemu oraz danych identyfikacyjnych reklamowanego produktu,<\/p>\n<p class=\"p3\">W przypadku, gdy reklamacja z tytu\u0142u r\u0119kojmi dotyczy Towaru, w celu rozpatrzenia reklamacji przez Sprzedawc\u0119, Konsument jest obowi\u0105zany dostarczy\u0107 lub przes\u0142a\u0107 reklamowany Towar na adres Sprzedawcy, na jego koszt.<\/p>\n<p class=\"p3\">Sprzedawca rozpoznaje reklamacje w terminie 14 dni od daty zg\u0142oszenia.<\/p>\n<p class=\"p3\">Sprzedawca poinformuje Konsumenta o sposobie rozstrzygni\u0119cia otrzymanej reklamacji drog\u0105 elektroniczn\u0105 lub listem zwyk\u0142ym, w zale\u017cno\u015bci od woli Konsumenta lub zastosowanej przez niego metody wniesienia reklamacji.<\/p>\n<p class=\"p3\">W przypadku, gdy reklamacja z tytu\u0142u r\u0119kojmi dotyczy Towaru, kt\u00f3ry po rozpoznaniu reklamacji podlega przes\u0142aniu do Konsumenta, Sprzedawca dostarczy lub prze\u015ble Towar na adres Konsumenta.<\/p>\n<p class=\"p3\">Zwrot \u015brodk\u00f3w pieni\u0119\u017cnych w zwi\u0105zku z reklamacj\u0105 nast\u0105pi przy u\u017cyciu metody przelewu na rachunek bankowy albo przekazem pocztowym, zgodnie z wol\u0105 Konsumenta.<\/p>\n<p class=\"p3\">Stosowanie prawa r\u0119kojmi zostaje wy\u0142\u0105czone w stosunku do Klient\u00f3w nieb\u0119d\u0105cych Konsumentami.<\/p>\n<p>&nbsp;<\/p>\n<p class=\"p3\" style=\"text-align: center;\"><strong>ZWROTY<\/strong><\/p>\n<p>&nbsp;<\/p>\n<p class=\"p3\">Konsument mo\u017ce bez podawania przyczyny odst\u0105pi\u0107 w terminie 14 dni od umowy, w tym od umowy Sprzeda\u017cy, z zastrze\u017ceniem norm wskazanych w tre\u015bci pouczenia o odst\u0105pieniu od umowy, stanowi\u0105cego za\u0142\u0105cznik do Regulaminu.<\/p>\n<p class=\"p3\">Prawo odst\u0105pienia od umowy nie przys\u0142uguje Konsumentowi m. in. w odniesieniu do umowy Sprzeda\u017cy:<br \/>\n&#8211; towaru ulegaj\u0105cego szybkiemu zepsuciu lub maj\u0105cego kr\u00f3tki termin przydatno\u015bci do u\u017cycia,<br \/>\n&#8211; towaru dostarczanego w zapiecz\u0119towanym opakowaniu, kt\u00f3rego po otwarciu opakowania nie mo\u017cna zwr\u00f3ci\u0107 ze wzgl\u0119du na ochron\u0119 zdrowia lub ze wzgl\u0119d\u00f3w higienicznych, je\u017celi opakowanie zosta\u0142o otwarte po dostarczeniu.<\/p>\n<p class=\"p3\">W pozosta\u0142ych przypadkach Konsument mo\u017ce odst\u0105pi\u0107 od umowy, sk\u0142adaj\u0105c Sprzedawcy o\u015bwiadczenie o odst\u0105pieniu od umowy.<\/p>\n<p class=\"p3\">W celu u\u0142atwienia procesu zwrotu, udost\u0119pniamy\u00a0Formularz odst\u0105pienia od umowy.<\/p>\n<p class=\"p3\">Niezw\u0142ocznie, jednak nie p\u00f3\u017aniej ni\u017c w terminie 14 dni od dnia, w kt\u00f3rym Konsument odst\u0105pi\u0142 od umowy, ma on obowi\u0105zek zwr\u00f3ci\u0107 Towar Sprzedawcy lub przekaza\u0107 go osobie upowa\u017cnionej przez Sprzedawc\u0119. Do zachowania terminu wystarczy odes\u0142anie Towaru przed jego up\u0142ywem. Niniejszy przepis nie znajduje zastosowania w przypadku, gdy Sprzedawca zaproponowa\u0142, \u017ce sam odbierze Towar.<\/p>\n<p class=\"p3\">Konsument ponosi odpowiedzialno\u015b\u0107 za zmniejszenie warto\u015bci Towaru b\u0119d\u0105ce wynikiem korzystania z niego w spos\u00f3b wykraczaj\u0105cy poza konieczny do stwierdzenia charakteru, cech i funkcjonowania Towaru.<\/p>\n<p class=\"p3\">W przypadku odst\u0105pienia od umowy, uwa\u017ca si\u0119 j\u0105 za niezawart\u0105. Je\u017celi Konsument z\u0142o\u017cy\u0142 o\u015bwiadczenie o odst\u0105pieniu od umowy zanim Sprzedawca przyj\u0105\u0142 jego ofert\u0119, oferta przestaje wi\u0105za\u0107.<\/p>\n<p>[\/vc_column_text][\/vc_column][\/vc_row][vc_row row_type=&#8221;row&#8221; use_row_as_full_screen_section=&#8221;no&#8221; type=&#8221;full_width&#8221; text_align=&#8221;left&#8221; background_animation=&#8221;none&#8221; css_animation=&#8221;&#8221;][vc_column][vc_empty_space][\/vc_column][\/vc_row][vc_row row_type=&#8221;row&#8221; use_row_as_full_screen_section=&#8221;no&#8221; type=&#8221;full_width&#8221; text_align=&#8221;left&#8221; background_animation=&#8221;none&#8221; css_animation=&#8221;&#8221;][vc_column width=&#8221;1\/2&#8243;]<a href=\"http:\/\/sklep.optykweb.com\/wp-content\/uploads\/2023\/01\/formularz-reklamacji.pdf\" target=\"_blank\"  class=\"qbutton  big_large qbutton_with_icon\" style=\"\">FORMULARZ REKLAMACJI<i class=\"qode_icon_font_awesome fa fa-file-pdf-o button_icon\" style=\"\" ><\/i><\/a>[\/vc_column][vc_column width=&#8221;1\/2&#8243;]<a href=\"http:\/\/sklep.optykweb.com\/wp-content\/uploads\/2023\/01\/formularz-odstapienia-od-umowy.pdf\" target=\"_blank\"  class=\"qbutton  big_large qbutton_with_icon\" style=\"\">FORMULARZ ODST\u0104PIENIA OD UMOWY<i class=\"qode_icon_font_awesome fa fa-file-pdf-o button_icon\" style=\"\" ><\/i><\/a>[\/vc_column][\/vc_row][vc_row row_type=&#8221;row&#8221; use_row_as_full_screen_section=&#8221;no&#8221; type=&#8221;full_width&#8221; text_align=&#8221;left&#8221; background_animation=&#8221;none&#8221; css_animation=&#8221;&#8221;][vc_column][vc_empty_space][\/vc_column][\/vc_row]<\/p>\n<\/section>","protected":false},"excerpt":{"rendered":"<p>[vc_row row_type=&#8221;row&#8221; use_row_as_full_screen_section=&#8221;no&#8221; type=&#8221;full_width&#8221; text_align=&#8221;left&#8221; background_animation=&#8221;none&#8221; css_animation=&#8221;&#8221;][vc_column][vc_column_text] Reklamacje i zwroty REKLAMACJE Wszelkie reklamacje zwi\u0105zane z towarem lub realizacj\u0105 umowy sprzeda\u017cy, mo\u017cna\u00a0 sk\u0142ada\u0107 w dowolnej formie. Reklamacje mog\u0105 by\u0107 sk\u0142adane z tytu\u0142u r\u0119kojmi. Zg\u0142oszenie reklamacji mo\u017ce zosta\u0107 dokonane przy u\u017cyciu: &#8211; wys\u0142anie wiadomo\u015bci e-mail pod adres&#8230;<\/p>\n","protected":false},"author":1,"featured_media":0,"parent":0,"menu_order":0,"comment_status":"closed","ping_status":"closed","template":"","meta":{"footnotes":""},"class_list":["post-3280","page","type-page","status-publish","hentry"],"yoast_head":"<!-- This site is optimized with the Yoast SEO plugin v25.5 - https:\/\/yoast.com\/wordpress\/plugins\/seo\/ -->\n<title>Odst\u0105pienie od umowy - Sklep Centrum Optyczne<\/title>\n<meta name=\"robots\" content=\"index, follow, max-snippet:-1, max-image-preview:large, max-video-preview:-1\" \/>\n<link rel=\"canonical\" href=\"http:\/\/sklep.optykweb.com\/?page_id=3280\" \/>\n<meta property=\"og:locale\" content=\"pl_PL\" \/>\n<meta property=\"og:type\" content=\"article\" \/>\n<meta property=\"og:title\" content=\"Odst\u0105pienie od umowy - Sklep Centrum Optyczne\" \/>\n<meta property=\"og:description\" content=\"[vc_row row_type=&#8221;row&#8221; use_row_as_full_screen_section=&#8221;no&#8221; type=&#8221;full_width&#8221; text_align=&#8221;left&#8221; background_animation=&#8221;none&#8221; css_animation=&#8221;&#8221;][vc_column][vc_column_text] Reklamacje i zwroty REKLAMACJE Wszelkie reklamacje zwi\u0105zane z towarem lub realizacj\u0105 umowy sprzeda\u017cy, mo\u017cna\u00a0 sk\u0142ada\u0107 w dowolnej formie. Reklamacje mog\u0105 by\u0107 sk\u0142adane z tytu\u0142u r\u0119kojmi. Zg\u0142oszenie reklamacji mo\u017ce zosta\u0107 dokonane przy u\u017cyciu: &#8211; wys\u0142anie wiadomo\u015bci e-mail pod adres...\" \/>\n<meta property=\"og:url\" content=\"http:\/\/sklep.optykweb.com\/?page_id=3280\" \/>\n<meta property=\"og:site_name\" content=\"Sklep Centrum Optyczne\" \/>\n<meta property=\"article:publisher\" content=\"https:\/\/www.facebook.com\/OptykPlonsk\/\" \/>\n<meta property=\"article:modified_time\" content=\"2023-01-16T23:27:30+00:00\" \/>\n<meta name=\"twitter:card\" content=\"summary_large_image\" \/>\n<meta name=\"twitter:label1\" content=\"Szacowany czas czytania\" \/>\n\t<meta name=\"twitter:data1\" content=\"4 minuty\" \/>\n<script type=\"application\/ld+json\" class=\"yoast-schema-graph\">{\"@context\":\"https:\/\/schema.org\",\"@graph\":[{\"@type\":\"WebPage\",\"@id\":\"http:\/\/sklep.optykweb.com\/?page_id=3280\",\"url\":\"http:\/\/sklep.optykweb.com\/?page_id=3280\",\"name\":\"Odst\u0105pienie od umowy - Sklep Centrum Optyczne\",\"isPartOf\":{\"@id\":\"http:\/\/sklep.optykweb.com\/#website\"},\"datePublished\":\"2023-01-15T17:20:11+00:00\",\"dateModified\":\"2023-01-16T23:27:30+00:00\",\"breadcrumb\":{\"@id\":\"http:\/\/sklep.optykweb.com\/?page_id=3280#breadcrumb\"},\"inLanguage\":\"pl-PL\",\"potentialAction\":[{\"@type\":\"ReadAction\",\"target\":[\"http:\/\/sklep.optykweb.com\/?page_id=3280\"]}]},{\"@type\":\"BreadcrumbList\",\"@id\":\"http:\/\/sklep.optykweb.com\/?page_id=3280#breadcrumb\",\"itemListElement\":[{\"@type\":\"ListItem\",\"position\":1,\"name\":\"Strona g\u0142\u00f3wna\",\"item\":\"http:\/\/sklep.optykweb.com\/\"},{\"@type\":\"ListItem\",\"position\":2,\"name\":\"Odst\u0105pienie od&nbsp;umowy\"}]},{\"@type\":\"WebSite\",\"@id\":\"http:\/\/sklep.optykweb.com\/#website\",\"url\":\"http:\/\/sklep.optykweb.com\/\",\"name\":\"Sklep Centrum Optyczne\",\"description\":\"okulary korekcyjne, przeciws\u0142oneczne i akcesoria\",\"publisher\":{\"@id\":\"http:\/\/sklep.optykweb.com\/#organization\"},\"potentialAction\":[{\"@type\":\"SearchAction\",\"target\":{\"@type\":\"EntryPoint\",\"urlTemplate\":\"http:\/\/sklep.optykweb.com\/?s={search_term_string}\"},\"query-input\":{\"@type\":\"PropertyValueSpecification\",\"valueRequired\":true,\"valueName\":\"search_term_string\"}}],\"inLanguage\":\"pl-PL\"},{\"@type\":\"Organization\",\"@id\":\"http:\/\/sklep.optykweb.com\/#organization\",\"name\":\"Sklep Centrum Optyczne\",\"url\":\"http:\/\/sklep.optykweb.com\/\",\"logo\":{\"@type\":\"ImageObject\",\"inLanguage\":\"pl-PL\",\"@id\":\"http:\/\/sklep.optykweb.com\/#\/schema\/logo\/image\/\",\"url\":\"http:\/\/sklep.optykweb.com\/wp-content\/uploads\/2022\/12\/logo-sklep.png\",\"contentUrl\":\"http:\/\/sklep.optykweb.com\/wp-content\/uploads\/2022\/12\/logo-sklep.png\",\"width\":500,\"height\":467,\"caption\":\"Sklep Centrum Optyczne\"},\"image\":{\"@id\":\"http:\/\/sklep.optykweb.com\/#\/schema\/logo\/image\/\"},\"sameAs\":[\"https:\/\/www.facebook.com\/OptykPlonsk\/\",\"https:\/\/www.instagram.com\/centrum_optyczne\/\"]}]}<\/script>\n<!-- \/ Yoast SEO plugin. -->","yoast_head_json":{"title":"Odst\u0105pienie od umowy - Sklep Centrum Optyczne","robots":{"index":"index","follow":"follow","max-snippet":"max-snippet:-1","max-image-preview":"max-image-preview:large","max-video-preview":"max-video-preview:-1"},"canonical":"http:\/\/sklep.optykweb.com\/?page_id=3280","og_locale":"pl_PL","og_type":"article","og_title":"Odst\u0105pienie od umowy - Sklep Centrum Optyczne","og_description":"[vc_row row_type=&#8221;row&#8221; use_row_as_full_screen_section=&#8221;no&#8221; type=&#8221;full_width&#8221; text_align=&#8221;left&#8221; background_animation=&#8221;none&#8221; css_animation=&#8221;&#8221;][vc_column][vc_column_text] Reklamacje i zwroty REKLAMACJE Wszelkie reklamacje zwi\u0105zane z towarem lub realizacj\u0105 umowy sprzeda\u017cy, mo\u017cna\u00a0 sk\u0142ada\u0107 w dowolnej formie. Reklamacje mog\u0105 by\u0107 sk\u0142adane z tytu\u0142u r\u0119kojmi. Zg\u0142oszenie reklamacji mo\u017ce zosta\u0107 dokonane przy u\u017cyciu: &#8211; wys\u0142anie wiadomo\u015bci e-mail pod adres...","og_url":"http:\/\/sklep.optykweb.com\/?page_id=3280","og_site_name":"Sklep Centrum Optyczne","article_publisher":"https:\/\/www.facebook.com\/OptykPlonsk\/","article_modified_time":"2023-01-16T23:27:30+00:00","twitter_card":"summary_large_image","twitter_misc":{"Szacowany czas czytania":"4 minuty"},"schema":{"@context":"https:\/\/schema.org","@graph":[{"@type":"WebPage","@id":"http:\/\/sklep.optykweb.com\/?page_id=3280","url":"http:\/\/sklep.optykweb.com\/?page_id=3280","name":"Odst\u0105pienie od umowy - Sklep Centrum Optyczne","isPartOf":{"@id":"http:\/\/sklep.optykweb.com\/#website"},"datePublished":"2023-01-15T17:20:11+00:00","dateModified":"2023-01-16T23:27:30+00:00","breadcrumb":{"@id":"http:\/\/sklep.optykweb.com\/?page_id=3280#breadcrumb"},"inLanguage":"pl-PL","potentialAction":[{"@type":"ReadAction","target":["http:\/\/sklep.optykweb.com\/?page_id=3280"]}]},{"@type":"BreadcrumbList","@id":"http:\/\/sklep.optykweb.com\/?page_id=3280#breadcrumb","itemListElement":[{"@type":"ListItem","position":1,"name":"Strona g\u0142\u00f3wna","item":"http:\/\/sklep.optykweb.com\/"},{"@type":"ListItem","position":2,"name":"Odst\u0105pienie od&nbsp;umowy"}]},{"@type":"WebSite","@id":"http:\/\/sklep.optykweb.com\/#website","url":"http:\/\/sklep.optykweb.com\/","name":"Sklep Centrum Optyczne","description":"okulary korekcyjne, przeciws\u0142oneczne i akcesoria","publisher":{"@id":"http:\/\/sklep.optykweb.com\/#organization"},"potentialAction":[{"@type":"SearchAction","target":{"@type":"EntryPoint","urlTemplate":"http:\/\/sklep.optykweb.com\/?s={search_term_string}"},"query-input":{"@type":"PropertyValueSpecification","valueRequired":true,"valueName":"search_term_string"}}],"inLanguage":"pl-PL"},{"@type":"Organization","@id":"http:\/\/sklep.optykweb.com\/#organization","name":"Sklep Centrum Optyczne","url":"http:\/\/sklep.optykweb.com\/","logo":{"@type":"ImageObject","inLanguage":"pl-PL","@id":"http:\/\/sklep.optykweb.com\/#\/schema\/logo\/image\/","url":"http:\/\/sklep.optykweb.com\/wp-content\/uploads\/2022\/12\/logo-sklep.png","contentUrl":"http:\/\/sklep.optykweb.com\/wp-content\/uploads\/2022\/12\/logo-sklep.png","width":500,"height":467,"caption":"Sklep Centrum Optyczne"},"image":{"@id":"http:\/\/sklep.optykweb.com\/#\/schema\/logo\/image\/"},"sameAs":["https:\/\/www.facebook.com\/OptykPlonsk\/","https:\/\/www.instagram.com\/centrum_optyczne\/"]}]}},"_links":{"self":[{"href":"http:\/\/sklep.optykweb.com\/index.php?rest_route=\/wp\/v2\/pages\/3280","targetHints":{"allow":["GET"]}}],"collection":[{"href":"http:\/\/sklep.optykweb.com\/index.php?rest_route=\/wp\/v2\/pages"}],"about":[{"href":"http:\/\/sklep.optykweb.com\/index.php?rest_route=\/wp\/v2\/types\/page"}],"author":[{"embeddable":true,"href":"http:\/\/sklep.optykweb.com\/index.php?rest_route=\/wp\/v2\/users\/1"}],"replies":[{"embeddable":true,"href":"http:\/\/sklep.optykweb.com\/index.php?rest_route=%2Fwp%2Fv2%2Fcomments&post=3280"}],"version-history":[{"count":3,"href":"http:\/\/sklep.optykweb.com\/index.php?rest_route=\/wp\/v2\/pages\/3280\/revisions"}],"predecessor-version":[{"id":3466,"href":"http:\/\/sklep.optykweb.com\/index.php?rest_route=\/wp\/v2\/pages\/3280\/revisions\/3466"}],"wp:attachment":[{"href":"http:\/\/sklep.optykweb.com\/index.php?rest_route=%2Fwp%2Fv2%2Fmedia&parent=3280"}],"curies":[{"name":"wp","href":"https:\/\/api.w.org\/{rel}","templated":true}]}}