{"id":113,"date":"2020-05-28T10:00:02","date_gmt":"2020-05-28T08:00:02","guid":{"rendered":"https:\/\/stockholm43.qodeinteractive.com\/?page_id=113"},"modified":"2023-04-03T13:43:31","modified_gmt":"2023-04-03T11:43:31","slug":"o-nas","status":"publish","type":"page","link":"http:\/\/sklep.optykweb.com\/?page_id=113","title":{"rendered":"O nas"},"content":{"rendered":"<section class=\"wpb-content-wrapper\"><p>[vc_row row_type=&#8221;row&#8221; use_row_as_full_screen_section=&#8221;no&#8221; type=&#8221;full_width&#8221; text_align=&#8221;left&#8221; background_animation=&#8221;none&#8221; css_animation=&#8221;&#8221;][vc_column][vc_empty_space height=&#8221;120px&#8221;][vc_column_text]<\/p>\n<h3 class=\"p1\">Nasza firma rodzinna dzia\u0142a od ponad 50 lat!<\/h3>\n<p class=\"p1\">W naszych salonach stacjonarnych w P\u0142o\u0144sku dbamy o wzrok naszych Klient\u00f3w. Gabinety optometryczne i pracownie optyczne s\u0105 wyposa\u017cone w sprz\u0119ty najwy\u017cszej jako\u015bci. Widz\u0105c jak zmieniaj\u0105 si\u0119 czasy i chc\u0105c dotrze\u0107 do nawet najbardziej zapracowanych klient\u00f3w, stworzyli\u015bmy sklep internetowy. Umo\u017cliwiamy zapoznanie si\u0119 z asortymentem naszych salon\u00f3w online.<\/p>\n<p class=\"p1\">B\u0119dziemy stale poszerza\u0107 ofert\u0119 i mo\u017cliwo\u015bci. Jeste\u015bmy zgranym zespo\u0142em, kt\u00f3ry zadowolenie swoich klient\u00f3w traktuje jako g\u0142\u00f3wny cel. Widoczne tu okulary s\u0105 fotografowane w naszych salonach. Sami si\u0119 tym zajmujemy, chc\u0105c ukaza\u0107 Wam ka\u017cdy ciekawy element.<\/p>\n<p>[\/vc_column_text][vc_empty_space height=&#8221;20px&#8221;][\/vc_column][\/vc_row][vc_row row_type=&#8221;row&#8221; use_row_as_full_screen_section=&#8221;no&#8221; type=&#8221;full_width&#8221; text_align=&#8221;left&#8221; background_animation=&#8221;none&#8221; css_animation=&#8221;&#8221;][vc_column width=&#8221;1\/2&#8243;][vc_column_text]<\/p>\n<p class=\"p1\">Jeste\u015bmy dystrybutorami \u015bwiatowych marek takich jak: <strong>PRADA, BURBERRY, GUCCI, GUESS, SAINT LAURENT, VOGUE, RAY BAN, OAKLEY, ANA HICKMANN, CHLO\u00c9.<\/strong><\/p>\n<p class=\"p1\">Okulary korekcyjne marki <strong>DUTZ<\/strong> zdecydowali\u015bmy si\u0119 zaoferowa\u0107 jako pierwsze w sprzeda\u017cy online. Jest to holenderska marka, kt\u00f3ra zauroczy\u0142a nas kompletnie. \u015awietna jako\u015b\u0107, dok\u0142adne wykonanie i lekkie materia\u0142y. Jednak kluczowe s\u0105 nietuzinkowe kszta\u0142ty i kolory. Te okulary s\u0105 naprawd\u0119 kolorowe!<\/p>\n<p class=\"p1\">Ka\u017cde okulary s\u0105 szczeg\u00f3\u0142owo technicznie opisane. Oczywi\u015bcie zapraszamy do naszych stacjonarnych salon\u00f3w w celu przymierzenia. Na miejscu oferujemy optometryczne badanie wzroku i profesjonalne doradztwo. Nasi doradcy pomog\u0105 wybra\u0107 odpowiednie szk\u0142a do wybranej przez Was oprawy.<\/p>\n<p>[\/vc_column_text][\/vc_column][vc_column width=&#8221;1\/2&#8243;][vc_single_image image=&#8221;4646&#8243; img_size=&#8221;full&#8221; qode_css_animation=&#8221;&#8221;][\/vc_column][\/vc_row][vc_row row_type=&#8221;row&#8221; use_row_as_full_screen_section=&#8221;no&#8221; type=&#8221;full_width&#8221; text_align=&#8221;left&#8221; background_animation=&#8221;none&#8221; css_animation=&#8221;&#8221;][vc_column][vc_column_text]<\/p>\n<h4 class=\"p1\"><strong>Nie czekaj &#8211; ju\u017c teraz znajd\u017a swoje nowe okulary!<\/strong><\/h4>\n<p>[\/vc_column_text][vc_empty_space height=&#8221;20px&#8221;][\/vc_column][\/vc_row]<\/p>\n<\/section>","protected":false},"excerpt":{"rendered":"<p>[vc_row row_type=&#8221;row&#8221; use_row_as_full_screen_section=&#8221;no&#8221; type=&#8221;full_width&#8221; text_align=&#8221;left&#8221; background_animation=&#8221;none&#8221; css_animation=&#8221;&#8221;][vc_column][vc_empty_space height=&#8221;120px&#8221;][vc_column_text] Nasza firma rodzinna dzia\u0142a od ponad 50 lat! W naszych salonach stacjonarnych w P\u0142o\u0144sku dbamy o wzrok naszych Klient\u00f3w. Gabinety optometryczne i pracownie optyczne s\u0105 wyposa\u017cone w sprz\u0119ty najwy\u017cszej jako\u015bci. Widz\u0105c jak zmieniaj\u0105 si\u0119 czasy i chc\u0105c&#8230;<\/p>\n","protected":false},"author":1,"featured_media":0,"parent":0,"menu_order":0,"comment_status":"closed","ping_status":"closed","template":"","meta":{"footnotes":""},"class_list":["post-113","page","type-page","status-publish","hentry"],"yoast_head":"<!-- This site is optimized with the Yoast SEO plugin v25.5 - https:\/\/yoast.com\/wordpress\/plugins\/seo\/ -->\n<title>O nas - Sklep Centrum Optyczne<\/title>\n<meta name=\"robots\" content=\"index, follow, max-snippet:-1, max-image-preview:large, max-video-preview:-1\" \/>\n<link rel=\"canonical\" href=\"http:\/\/sklep.optykweb.com\/?page_id=113\" \/>\n<meta property=\"og:locale\" content=\"pl_PL\" \/>\n<meta property=\"og:type\" content=\"article\" \/>\n<meta property=\"og:title\" content=\"O nas - Sklep Centrum Optyczne\" \/>\n<meta property=\"og:description\" content=\"[vc_row row_type=&#8221;row&#8221; use_row_as_full_screen_section=&#8221;no&#8221; type=&#8221;full_width&#8221; text_align=&#8221;left&#8221; background_animation=&#8221;none&#8221; css_animation=&#8221;&#8221;][vc_column][vc_empty_space height=&#8221;120px&#8221;][vc_column_text] Nasza firma rodzinna dzia\u0142a od ponad 50 lat! W naszych salonach stacjonarnych w P\u0142o\u0144sku dbamy o wzrok naszych Klient\u00f3w. Gabinety optometryczne i pracownie optyczne s\u0105 wyposa\u017cone w sprz\u0119ty najwy\u017cszej jako\u015bci. Widz\u0105c jak zmieniaj\u0105 si\u0119 czasy i chc\u0105c...\" \/>\n<meta property=\"og:url\" content=\"http:\/\/sklep.optykweb.com\/?page_id=113\" \/>\n<meta property=\"og:site_name\" content=\"Sklep Centrum Optyczne\" \/>\n<meta property=\"article:publisher\" content=\"https:\/\/www.facebook.com\/OptykPlonsk\/\" \/>\n<meta property=\"article:modified_time\" content=\"2023-04-03T11:43:31+00:00\" \/>\n<meta name=\"twitter:card\" content=\"summary_large_image\" \/>\n<meta name=\"twitter:label1\" content=\"Szacowany czas czytania\" \/>\n\t<meta name=\"twitter:data1\" content=\"2 minuty\" \/>\n<script type=\"application\/ld+json\" class=\"yoast-schema-graph\">{\"@context\":\"https:\/\/schema.org\",\"@graph\":[{\"@type\":\"WebPage\",\"@id\":\"http:\/\/sklep.optykweb.com\/?page_id=113\",\"url\":\"http:\/\/sklep.optykweb.com\/?page_id=113\",\"name\":\"O nas - Sklep Centrum Optyczne\",\"isPartOf\":{\"@id\":\"http:\/\/sklep.optykweb.com\/#website\"},\"datePublished\":\"2020-05-28T08:00:02+00:00\",\"dateModified\":\"2023-04-03T11:43:31+00:00\",\"breadcrumb\":{\"@id\":\"http:\/\/sklep.optykweb.com\/?page_id=113#breadcrumb\"},\"inLanguage\":\"pl-PL\",\"potentialAction\":[{\"@type\":\"ReadAction\",\"target\":[\"http:\/\/sklep.optykweb.com\/?page_id=113\"]}]},{\"@type\":\"BreadcrumbList\",\"@id\":\"http:\/\/sklep.optykweb.com\/?page_id=113#breadcrumb\",\"itemListElement\":[{\"@type\":\"ListItem\",\"position\":1,\"name\":\"Strona g\u0142\u00f3wna\",\"item\":\"http:\/\/sklep.optykweb.com\/\"},{\"@type\":\"ListItem\",\"position\":2,\"name\":\"O&nbsp;nas\"}]},{\"@type\":\"WebSite\",\"@id\":\"http:\/\/sklep.optykweb.com\/#website\",\"url\":\"http:\/\/sklep.optykweb.com\/\",\"name\":\"Sklep Centrum Optyczne\",\"description\":\"okulary korekcyjne, przeciws\u0142oneczne i akcesoria\",\"publisher\":{\"@id\":\"http:\/\/sklep.optykweb.com\/#organization\"},\"potentialAction\":[{\"@type\":\"SearchAction\",\"target\":{\"@type\":\"EntryPoint\",\"urlTemplate\":\"http:\/\/sklep.optykweb.com\/?s={search_term_string}\"},\"query-input\":{\"@type\":\"PropertyValueSpecification\",\"valueRequired\":true,\"valueName\":\"search_term_string\"}}],\"inLanguage\":\"pl-PL\"},{\"@type\":\"Organization\",\"@id\":\"http:\/\/sklep.optykweb.com\/#organization\",\"name\":\"Sklep Centrum Optyczne\",\"url\":\"http:\/\/sklep.optykweb.com\/\",\"logo\":{\"@type\":\"ImageObject\",\"inLanguage\":\"pl-PL\",\"@id\":\"http:\/\/sklep.optykweb.com\/#\/schema\/logo\/image\/\",\"url\":\"http:\/\/sklep.optykweb.com\/wp-content\/uploads\/2022\/12\/logo-sklep.png\",\"contentUrl\":\"http:\/\/sklep.optykweb.com\/wp-content\/uploads\/2022\/12\/logo-sklep.png\",\"width\":500,\"height\":467,\"caption\":\"Sklep Centrum Optyczne\"},\"image\":{\"@id\":\"http:\/\/sklep.optykweb.com\/#\/schema\/logo\/image\/\"},\"sameAs\":[\"https:\/\/www.facebook.com\/OptykPlonsk\/\",\"https:\/\/www.instagram.com\/centrum_optyczne\/\"]}]}<\/script>\n<!-- \/ Yoast SEO plugin. -->","yoast_head_json":{"title":"O nas - Sklep Centrum Optyczne","robots":{"index":"index","follow":"follow","max-snippet":"max-snippet:-1","max-image-preview":"max-image-preview:large","max-video-preview":"max-video-preview:-1"},"canonical":"http:\/\/sklep.optykweb.com\/?page_id=113","og_locale":"pl_PL","og_type":"article","og_title":"O nas - Sklep Centrum Optyczne","og_description":"[vc_row row_type=&#8221;row&#8221; use_row_as_full_screen_section=&#8221;no&#8221; type=&#8221;full_width&#8221; text_align=&#8221;left&#8221; background_animation=&#8221;none&#8221; css_animation=&#8221;&#8221;][vc_column][vc_empty_space height=&#8221;120px&#8221;][vc_column_text] Nasza firma rodzinna dzia\u0142a od ponad 50 lat! W naszych salonach stacjonarnych w P\u0142o\u0144sku dbamy o wzrok naszych Klient\u00f3w. Gabinety optometryczne i pracownie optyczne s\u0105 wyposa\u017cone w sprz\u0119ty najwy\u017cszej jako\u015bci. Widz\u0105c jak zmieniaj\u0105 si\u0119 czasy i chc\u0105c...","og_url":"http:\/\/sklep.optykweb.com\/?page_id=113","og_site_name":"Sklep Centrum Optyczne","article_publisher":"https:\/\/www.facebook.com\/OptykPlonsk\/","article_modified_time":"2023-04-03T11:43:31+00:00","twitter_card":"summary_large_image","twitter_misc":{"Szacowany czas czytania":"2 minuty"},"schema":{"@context":"https:\/\/schema.org","@graph":[{"@type":"WebPage","@id":"http:\/\/sklep.optykweb.com\/?page_id=113","url":"http:\/\/sklep.optykweb.com\/?page_id=113","name":"O nas - Sklep Centrum Optyczne","isPartOf":{"@id":"http:\/\/sklep.optykweb.com\/#website"},"datePublished":"2020-05-28T08:00:02+00:00","dateModified":"2023-04-03T11:43:31+00:00","breadcrumb":{"@id":"http:\/\/sklep.optykweb.com\/?page_id=113#breadcrumb"},"inLanguage":"pl-PL","potentialAction":[{"@type":"ReadAction","target":["http:\/\/sklep.optykweb.com\/?page_id=113"]}]},{"@type":"BreadcrumbList","@id":"http:\/\/sklep.optykweb.com\/?page_id=113#breadcrumb","itemListElement":[{"@type":"ListItem","position":1,"name":"Strona g\u0142\u00f3wna","item":"http:\/\/sklep.optykweb.com\/"},{"@type":"ListItem","position":2,"name":"O&nbsp;nas"}]},{"@type":"WebSite","@id":"http:\/\/sklep.optykweb.com\/#website","url":"http:\/\/sklep.optykweb.com\/","name":"Sklep Centrum Optyczne","description":"okulary korekcyjne, przeciws\u0142oneczne i akcesoria","publisher":{"@id":"http:\/\/sklep.optykweb.com\/#organization"},"potentialAction":[{"@type":"SearchAction","target":{"@type":"EntryPoint","urlTemplate":"http:\/\/sklep.optykweb.com\/?s={search_term_string}"},"query-input":{"@type":"PropertyValueSpecification","valueRequired":true,"valueName":"search_term_string"}}],"inLanguage":"pl-PL"},{"@type":"Organization","@id":"http:\/\/sklep.optykweb.com\/#organization","name":"Sklep Centrum Optyczne","url":"http:\/\/sklep.optykweb.com\/","logo":{"@type":"ImageObject","inLanguage":"pl-PL","@id":"http:\/\/sklep.optykweb.com\/#\/schema\/logo\/image\/","url":"http:\/\/sklep.optykweb.com\/wp-content\/uploads\/2022\/12\/logo-sklep.png","contentUrl":"http:\/\/sklep.optykweb.com\/wp-content\/uploads\/2022\/12\/logo-sklep.png","width":500,"height":467,"caption":"Sklep Centrum Optyczne"},"image":{"@id":"http:\/\/sklep.optykweb.com\/#\/schema\/logo\/image\/"},"sameAs":["https:\/\/www.facebook.com\/OptykPlonsk\/","https:\/\/www.instagram.com\/centrum_optyczne\/"]}]}},"_links":{"self":[{"href":"http:\/\/sklep.optykweb.com\/index.php?rest_route=\/wp\/v2\/pages\/113","targetHints":{"allow":["GET"]}}],"collection":[{"href":"http:\/\/sklep.optykweb.com\/index.php?rest_route=\/wp\/v2\/pages"}],"about":[{"href":"http:\/\/sklep.optykweb.com\/index.php?rest_route=\/wp\/v2\/types\/page"}],"author":[{"embeddable":true,"href":"http:\/\/sklep.optykweb.com\/index.php?rest_route=\/wp\/v2\/users\/1"}],"replies":[{"embeddable":true,"href":"http:\/\/sklep.optykweb.com\/index.php?rest_route=%2Fwp%2Fv2%2Fcomments&post=113"}],"version-history":[{"count":22,"href":"http:\/\/sklep.optykweb.com\/index.php?rest_route=\/wp\/v2\/pages\/113\/revisions"}],"predecessor-version":[{"id":4648,"href":"http:\/\/sklep.optykweb.com\/index.php?rest_route=\/wp\/v2\/pages\/113\/revisions\/4648"}],"wp:attachment":[{"href":"http:\/\/sklep.optykweb.com\/index.php?rest_route=%2Fwp%2Fv2%2Fmedia&parent=113"}],"curies":[{"name":"wp","href":"https:\/\/api.w.org\/{rel}","templated":true}]}}